{"id":3817,"date":"2021-09-22T10:12:59","date_gmt":"2021-09-22T07:12:59","guid":{"rendered":"https:\/\/tirsankardan.com\/testo-di-chiarimento-della-legge-sulla-protezione-dei-dati-personali\/"},"modified":"2021-09-22T10:13:00","modified_gmt":"2021-09-22T07:13:00","slug":"testo-di-chiarimento-della-legge-sulla-protezione-dei-dati-personali","status":"publish","type":"page","link":"https:\/\/tirsankardan.com\/it\/testo-di-chiarimento-della-legge-sulla-protezione-dei-dati-personali\/","title":{"rendered":"Testo di chiarimento della legge sulla protezione dei dati personali"},"content":{"rendered":"\t\t<div data-elementor-type=\"wp-page\" data-elementor-id=\"3817\" class=\"elementor elementor-3817 elementor-275\" data-elementor-settings=\"[]\">\n\t\t\t\t\t\t\t<div class=\"elementor-section-wrap\">\n\t\t\t\t\t\t\t<section class=\"elementor-section elementor-top-section elementor-element elementor-element-3d4dd3f elementor-section-boxed elementor-section-height-default elementor-section-height-default\" data-id=\"3d4dd3f\" data-element_type=\"section\">\n\t\t\t\t\t\t<div class=\"elementor-container elementor-column-gap-default\">\n\t\t\t\t\t<div class=\"elementor-column elementor-col-33 elementor-top-column elementor-element elementor-element-f0bbdaf\" data-id=\"f0bbdaf\" data-element_type=\"column\">\n\t\t\t<div class=\"elementor-widget-wrap\">\n\t\t\t\t\t\t\t\t\t<\/div>\n\t\t<\/div>\n\t\t\t\t<div class=\"elementor-column elementor-col-33 elementor-top-column elementor-element elementor-element-87cd209\" data-id=\"87cd209\" data-element_type=\"column\">\n\t\t\t<div class=\"elementor-widget-wrap elementor-element-populated\">\n\t\t\t\t\t\t\t\t<div class=\"elementor-element elementor-element-c5e9d02 elementor-widget elementor-widget-spacer\" data-id=\"c5e9d02\" data-element_type=\"widget\" data-widget_type=\"spacer.default\">\n\t\t\t\t<div class=\"elementor-widget-container\">\n\t\t\t<style>\/*! elementor - v3.6.4 - 13-04-2022 *\/\n.e-container.e-container--row .elementor-spacer-inner{width:var(--spacer-size)}.e-container.e-container--column .elementor-spacer-inner,.elementor-column .elementor-spacer-inner{height:var(--spacer-size)}<\/style>\t\t<div class=\"elementor-spacer\">\n\t\t\t<div class=\"elementor-spacer-inner\"><\/div>\n\t\t<\/div>\n\t\t\t\t<\/div>\n\t\t\t\t<\/div>\n\t\t\t\t<div class=\"elementor-element elementor-element-6d00dd62 elementor-widget elementor-widget-text-editor\" data-id=\"6d00dd62\" data-element_type=\"widget\" data-widget_type=\"text-editor.default\">\n\t\t\t\t<div class=\"elementor-widget-container\">\n\t\t\t<style>\/*! elementor - v3.5.3 - 28-12-2021 *\/\n.elementor-widget-text-editor.elementor-drop-cap-view-stacked .elementor-drop-cap{background-color:#818a91;color:#fff}.elementor-widget-text-editor.elementor-drop-cap-view-framed .elementor-drop-cap{color:#818a91;border:3px solid;background-color:transparent}.elementor-widget-text-editor:not(.elementor-drop-cap-view-default) .elementor-drop-cap{margin-top:8px}.elementor-widget-text-editor:not(.elementor-drop-cap-view-default) .elementor-drop-cap-letter{width:1em;height:1em}.elementor-widget-text-editor .elementor-drop-cap{float:left;text-align:center;line-height:1;font-size:50px}.elementor-widget-text-editor .elementor-drop-cap-letter{display:inline-block}<\/style>\t\t\t\t<p><\/p>\n<p style=\"text-align: left;\">Come T\u0130RSAN KARDAN, dimostriamo la massima sensibilita\u2019 alla sicurezza dei tuoi dati personali. Con questa consapevolezza, come societa&#8217;, attribuiamo grande importanza al trattamento e alla conservazione di tutti i dati personali appartenenti a tutte le persone collegate alla societa&#8217; in conformita&#8217; con la legge sulla protezione dei dati personali 6698 (&#8220;KVKK&#8221;) Nella piena consapevolezza di questa responsabilita\u2019, trattiamo i tuoi dati personali entro i limiti prescritti dalla normativa, in qualita\u2019 di &#8220;responsabile del trattamento&#8221; definito nell&#8217;ambito di KVKK.<\/p>\n<p><\/p>\n<p>In questo testo di illuminazione;<\/p>\n<p><\/p>\n<ul>\n<li><strong>Dati personali:<\/strong> Qualsiasi informazione relativa a una persona fisica identificata o identificabile,<\/li>\n<li><strong>Legge sulla protezione dei dati personali (&#8220;KVKK&#8221;):<\/strong> Legge sulla protezione dei dati personali n. 6698, entrata in vigore per la pubblicazione nella Gazzetta Ufficiale il 07.04.2016,<\/li>\n<li><strong>Responsabile dei dati:<\/strong> La persona fisica o giuridica che determina le finalit\u00e0 e i mezzi del trattamento dei dati personali ed \u00e8 responsabile dell&#8217;istituzione e della gestione del sistema di registrazione dei dati,<\/li>\n<li><strong>Elaboratore di dati:<\/strong> Si riferisce alla persona fisica o giuridica che tratta i Dati Personali per conto del Titolare del trattamento sulla base dell&#8217;autorit\u00e0 dallo stesso conferita.<\/li>\n<\/ul>\n<p><\/p>\n<p><strong><u>Responsabile dei dati:<\/u><\/strong><\/p>\n<p><\/p>\n<p>In conformit\u00e0 con la KVKK, il destinatario, il fornitore, il cliente, il dipendente, il tirocinante, il visitatore, ecc. I tuoi dati personali che condividi con i titoli di TIRSAN KARDAN SAN. VE T\u0130C. Inc. saranno valutati dalla persona giuridica nell&#8217;ambito di applicazione specificato di seguito.<\/p>\n<p><\/p>\n<ol type=\"1\">\n<li><strong>Raccolta, elaborazione e finalit\u00e0 commerciali dei dati personali<u><\/u><u><\/u><\/strong><\/li>\n<\/ol>\n<p><\/p>\n<p>Sebbene i tuoi dati personali possano variare a seconda del rapporto tra te e la nostra Societ\u00e0; Possono essere raccolti verbalmente, per iscritto o elettronicamente, con modalit\u00e0 automatiche o non automatiche, tramite le unit\u00e0 della nostra Societ\u00e0, il sito web, i canali dei social media, le applicazioni mobili e mezzi simili. I tuoi dati personali saranno creati e aggiornati finch\u00e9 il tuo rapporto con la nostra Societ\u00e0 continua.<\/p>\n<p><\/p>\n<p>I tuoi dati personali raccolti sono soggetti a KVKK allo scopo di svolgere il lavoro necessario affinch\u00e9 tu possa beneficiare dei servizi della nostra Societ\u00e0, garantendo la sicurezza legale e commerciale della nostra Societ\u00e0 e di coloro che hanno un rapporto d&#8217;affari con la nostra Societ\u00e0, determinando e attuando il nostro le strategie della Societ\u00e0 e garantire l&#8217;attuazione delle politiche delle risorse umane della nostra Societ\u00e0. 5. e In conformit\u00e0 con i termini e le finalit\u00e0 del trattamento dei dati personali specificati negli articoli 6,<\/p>\n<p><\/p>\n<ul>\n<li>Rispettando la legge e le regole di onest\u00e0,<\/li>\n<li>Accurato e aggiornato quando necessario,<\/li>\n<li>Per finalit\u00e0 determinate, esplicite e legittime,<\/li>\n<li>In relazione alle finalit\u00e0 per le quali sono trattati, limitati e misurati,<\/li>\n<li>Da conservare per il periodo previsto dalla normativa di riferimento o richiesto dalla finalit\u00e0 per la quale sono trattati,<\/li>\n<\/ul>\n<p><\/p>\n<p>Sar\u00e0 processato secondo le regole.<\/p>\n<p><\/p>\n<ol start=\"2\" type=\"1\">\n<li><strong>A chi e per quale scopo i dati personali trattati possono essere trasferiti:<u><\/u><u><\/u><\/strong><\/li>\n<\/ol>\n<p><\/p>\n<p>I tuoi dati personali raccolti; I nostri partner commerciali, fornitori, autorit\u00e0 pubbliche legalmente autorizzate allo scopo di svolgere il lavoro necessario per poter beneficiare dei servizi della nostra azienda, garantire la sicurezza legale e commerciale della nostra azienda e di coloro che hanno un rapporto d&#8217;affari con la nostra azienda, determinare e attuare le strategie commerciali e di business della nostra azienda e garantire l&#8217;esecuzione delle politiche delle risorse umane della nostra azienda. istituzioni e privati 8. e Possono essere trasferiti nell&#8217;ambito delle condizioni e delle finalit\u00e0 di trattamento dei dati personali specificate negli articoli 9.<\/p>\n<p><\/p>\n<ol start=\"3\" type=\"1\">\n<li><strong>Modalit\u00e0 e motivo giuridico per la raccolta dei dati personali:<u><\/u><u><\/u><\/strong><\/li>\n<\/ol>\n<p><\/p>\n<p>I tuoi dati personali sono ottenuti con ogni tipo di supporto verbale, scritto o elettronico al fine di fornire i nostri servizi in linea con le finalit\u00e0 di cui sopra e per adempiere in modo completo e accurato alle responsabilit\u00e0 contrattuali e legali della nostra Societ\u00e0. I tuoi dati personali raccolti per questo motivo legale 5. e Nell&#8217;ambito delle condizioni e delle finalit\u00e0 di trattamento dei dati personali specificate negli articoli 6, possono essere trattati e trasferiti anche per le finalit\u00e0 specificate negli articoli (1) e (2) del presente testo.<\/p>\n<p><\/p>\n<ol start=\"4\" type=\"1\">\n<li><strong>11 della KVKK del Titolare dei Dati Personali. Diritti elencati nell&#8217;articolo:<u><\/u><u><\/u><\/strong><\/li>\n<\/ol>\n<p><\/p>\n<p>In qualit\u00e0 di titolari di dati personali, se inoltri alla nostra Societ\u00e0 le tue richieste in merito ai tuoi diritti attraverso le modalit\u00e0 di seguito indicate, la nostra Societ\u00e0 le concluder\u00e0 gratuitamente entro 30 giorni al massimo, a seconda della natura della richiesta. Tuttavia, se viene stabilito un corrispettivo da parte del Garante per la protezione dei dati personali, verr\u00e0 addebitato il corrispettivo nella tariffa determinata dalla nostra azienda. In questo contesto, i titolari dei dati personali;<\/p>\n<p><\/p>\n<ol type=\"a\">\n<li>Sapere se i dati personali vengono elaborati o meno,<\/li>\n<li>Qualora siano stati trattati dati personali, richiedendo informazioni in merito,<\/li>\n<li>Conoscere lo scopo del trattamento dei dati personali e se sono utilizzati in conformit\u00e0 con il suo scopo,<\/li>\n<li>Conoscere i soggetti terzi cui i dati personali sono trasferiti in patria e all&#8217;estero,<\/li>\n<li>Richiedere la correzione dei dati personali se sono incompleti o trattati in modo non corretto,<\/li>\n<li>KVKK 7. Richiedere la cancellazione o la distruzione dei dati personali nell&#8217;ambito delle condizioni previste dall&#8217;articolo,<\/li>\n<li>(e) e Richiedere la comunicazione delle operazioni effettuate ai sensi delle lettere (f) a terzi ai quali i dati personali sono stati trasferiti,<\/li>\n<li>Opporsi all&#8217;emergere di un risultato nei confronti della persona stessa mediante l&#8217;analisi dei dati trattati esclusivamente attraverso sistemi automatizzati,<\/li>\n<li>In caso di perdita per trattamento illecito dei dati personali, ha il diritto di chiedere il risarcimento del danno.<\/li>\n<\/ol>\n<p><\/p>\n<p>13. di KVKK. 1 dell&#8217;articolo. Potr\u00e0 presentare alla nostra Societ\u00e0 la sua richiesta relativa all&#8217;esercizio dei diritti di cui sopra per iscritto o con le altre modalit\u00e0 determinate dal Garante per la protezione dei dati personali. Poich\u00e9 il Comitato per la protezione dei dati personali non ha determinato alcun metodo in questa fase, \u00e8 necessario presentare la domanda alla nostra azienda per iscritto in conformit\u00e0 con il KVKK. In questo contesto, la nostra Societ\u00e0 \u00e8 soggetta all&#8217;11\u00b0 Emendamento del KVKK. I canali e le procedure attraverso i quali invierai la tua domanda per iscritto nell&#8217;ambito dell&#8217;articolo sono spiegati di seguito.<\/p>\n<p><\/p>\n<p>Per esercitare i diritti di cui sopra e per identificarti con le informazioni necessarie e per rispettare l&#8217;articolo 11 della KVKK. Puoi inviare la tua richiesta, che include le tue spiegazioni in merito al tuo diritto che chiedi di esercitare dai diritti specificati nell&#8217;articolo, in modo chiaro e comprensibile, allegando i documenti che identificano la tua identit\u00e0 e le informazioni di indirizzo, per iscritto e con firma bagnata , a mano, per posta o tramite notaio.<a href=\"mailto:bilgiguvenligi@tirsankardan.com.tr\" target=\"_blank\" rel=\"noreferrer noopener\">Bilgiguvenligi@tirsankardan.<wbr><\/wbr> com.tr<\/a> o<a href=\"mailto:kvkk@tirsankardan.com.tr\" target=\"_blank\" rel=\"noreferrer noopener\"> kvkk@tirsankardan.com.tr<\/a> Devi inviarlo al tuo indirizzo.<\/p>\n<p><\/p>\n\t\t\t\t\t\t<\/div>\n\t\t\t\t<\/div>\n\t\t\t\t\t<\/div>\n\t\t<\/div>\n\t\t\t\t<div class=\"elementor-column elementor-col-33 elementor-top-column elementor-element elementor-element-b3bce78\" data-id=\"b3bce78\" data-element_type=\"column\">\n\t\t\t<div class=\"elementor-widget-wrap\">\n\t\t\t\t\t\t\t\t\t<\/div>\n\t\t<\/div>\n\t\t\t\t\t\t\t<\/div>\n\t\t<\/section>\n\t\t\t\t<section class=\"elementor-section elementor-top-section elementor-element elementor-element-152c4e7e elementor-section-boxed elementor-section-height-default elementor-section-height-default\" data-id=\"152c4e7e\" data-element_type=\"section\">\n\t\t\t\t\t\t<div class=\"elementor-container elementor-column-gap-default\">\n\t\t\t\t\t<div class=\"elementor-column elementor-col-100 elementor-top-column elementor-element elementor-element-3ca62885\" data-id=\"3ca62885\" data-element_type=\"column\">\n\t\t\t<div class=\"elementor-widget-wrap elementor-element-populated\">\n\t\t\t\t\t\t\t\t<div class=\"elementor-element elementor-element-d66728e elementor-widget elementor-widget-spacer\" data-id=\"d66728e\" data-element_type=\"widget\" data-widget_type=\"spacer.default\">\n\t\t\t\t<div class=\"elementor-widget-container\">\n\t\t\t\t\t<div class=\"elementor-spacer\">\n\t\t\t<div class=\"elementor-spacer-inner\"><\/div>\n\t\t<\/div>\n\t\t\t\t<\/div>\n\t\t\t\t<\/div>\n\t\t\t\t\t<\/div>\n\t\t<\/div>\n\t\t\t\t\t\t\t<\/div>\n\t\t<\/section>\n\t\t\t\t\t\t<\/div>\n\t\t\t\t\t<\/div>\n\t\t","protected":false},"excerpt":{"rendered":"<p>Come T\u0130RSAN KARDAN, dimostriamo la massima sensibilita\u2019 alla sicurezza dei tuoi dati personali. Con questa consapevolezza, come societa&#8217;,&#8230;<\/p>\n","protected":false},"author":10,"featured_media":0,"parent":0,"menu_order":0,"comment_status":"closed","ping_status":"closed","template":"elementor_header_footer","meta":{"_acf_changed":false,"footnotes":""},"class_list":["post-3817","page","type-page","status-publish","hentry"],"acf":[],"yoast_head":"<!-- This site is optimized with the Yoast SEO plugin v27.3 - https:\/\/yoast.com\/product\/yoast-seo-wordpress\/ -->\n<title>Testo di chiarimento della legge sulla protezione dei dati personali - Tirsan Kardan<\/title>\n<meta name=\"description\" content=\"TIRSAN KARDAN IND. VE T\u0130C. Inc. Dimostriamo la massima sensibilit\u00e0 alla sicurezza dei tuoi dati personali.\" \/>\n<meta name=\"robots\" content=\"index, follow, max-snippet:-1, max-image-preview:large, max-video-preview:-1\" \/>\n<link rel=\"canonical\" href=\"https:\/\/tirsankardan.com\/it\/testo-di-chiarimento-della-legge-sulla-protezione-dei-dati-personali\/\" \/>\n<meta property=\"og:locale\" content=\"it_IT\" \/>\n<meta property=\"og:type\" content=\"article\" \/>\n<meta property=\"og:title\" content=\"Testo di chiarimento della legge sulla protezione dei dati personali - Tirsan Kardan\" \/>\n<meta property=\"og:description\" content=\"TIRSAN KARDAN IND. VE T\u0130C. Inc. Dimostriamo la massima sensibilit\u00e0 alla sicurezza dei tuoi dati personali.\" \/>\n<meta property=\"og:url\" content=\"https:\/\/tirsankardan.com\/it\/testo-di-chiarimento-della-legge-sulla-protezione-dei-dati-personali\/\" \/>\n<meta property=\"og:site_name\" content=\"Tirsan Kardan\" \/>\n<meta property=\"article:modified_time\" content=\"2021-09-22T07:13:00+00:00\" \/>\n<meta name=\"twitter:card\" content=\"summary_large_image\" \/>\n<meta name=\"twitter:label1\" content=\"Tempo di lettura stimato\" \/>\n\t<meta name=\"twitter:data1\" content=\"5 minuti\" \/>\n<script type=\"application\/ld+json\" class=\"yoast-schema-graph\">{\"@context\":\"https:\\\/\\\/schema.org\",\"@graph\":[{\"@type\":\"WebPage\",\"@id\":\"https:\\\/\\\/tirsankardan.com\\\/it\\\/testo-di-chiarimento-della-legge-sulla-protezione-dei-dati-personali\\\/\",\"url\":\"https:\\\/\\\/tirsankardan.com\\\/it\\\/testo-di-chiarimento-della-legge-sulla-protezione-dei-dati-personali\\\/\",\"name\":\"Testo di chiarimento della legge sulla protezione dei dati personali - Tirsan Kardan\",\"isPartOf\":{\"@id\":\"https:\\\/\\\/tirsankardan.com\\\/it\\\/#website\"},\"datePublished\":\"2021-09-22T07:12:59+00:00\",\"dateModified\":\"2021-09-22T07:13:00+00:00\",\"description\":\"TIRSAN KARDAN IND. VE T\u0130C. Inc. Dimostriamo la massima sensibilit\u00e0 alla sicurezza dei tuoi dati personali.\",\"breadcrumb\":{\"@id\":\"https:\\\/\\\/tirsankardan.com\\\/it\\\/testo-di-chiarimento-della-legge-sulla-protezione-dei-dati-personali\\\/#breadcrumb\"},\"inLanguage\":\"it-IT\",\"potentialAction\":[{\"@type\":\"ReadAction\",\"target\":[\"https:\\\/\\\/tirsankardan.com\\\/it\\\/testo-di-chiarimento-della-legge-sulla-protezione-dei-dati-personali\\\/\"]}]},{\"@type\":\"BreadcrumbList\",\"@id\":\"https:\\\/\\\/tirsankardan.com\\\/it\\\/testo-di-chiarimento-della-legge-sulla-protezione-dei-dati-personali\\\/#breadcrumb\",\"itemListElement\":[{\"@type\":\"ListItem\",\"position\":1,\"name\":\"Anasayfa\",\"item\":\"https:\\\/\\\/tirsankardan.com\\\/it\\\/\"},{\"@type\":\"ListItem\",\"position\":2,\"name\":\"Testo di chiarimento della legge sulla protezione dei dati personali\"}]},{\"@type\":\"WebSite\",\"@id\":\"https:\\\/\\\/tirsankardan.com\\\/it\\\/#website\",\"url\":\"https:\\\/\\\/tirsankardan.com\\\/it\\\/\",\"name\":\"Tirsan Kardan\",\"description\":\"\",\"publisher\":{\"@id\":\"https:\\\/\\\/tirsankardan.com\\\/it\\\/#organization\"},\"potentialAction\":[{\"@type\":\"SearchAction\",\"target\":{\"@type\":\"EntryPoint\",\"urlTemplate\":\"https:\\\/\\\/tirsankardan.com\\\/it\\\/?s={search_term_string}\"},\"query-input\":{\"@type\":\"PropertyValueSpecification\",\"valueRequired\":true,\"valueName\":\"search_term_string\"}}],\"inLanguage\":\"it-IT\"},{\"@type\":\"Organization\",\"@id\":\"https:\\\/\\\/tirsankardan.com\\\/it\\\/#organization\",\"name\":\"Tirsan Kardan A\u015e\",\"url\":\"https:\\\/\\\/tirsankardan.com\\\/it\\\/\",\"logo\":{\"@type\":\"ImageObject\",\"inLanguage\":\"it-IT\",\"@id\":\"https:\\\/\\\/tirsankardan.com\\\/it\\\/#\\\/schema\\\/logo\\\/image\\\/\",\"url\":\"https:\\\/\\\/tirsankardan.com\\\/wp-content\\\/uploads\\\/2018\\\/07\\\/logo.png\",\"contentUrl\":\"https:\\\/\\\/tirsankardan.com\\\/wp-content\\\/uploads\\\/2018\\\/07\\\/logo.png\",\"width\":314,\"height\":69,\"caption\":\"Tirsan Kardan A\u015e\"},\"image\":{\"@id\":\"https:\\\/\\\/tirsankardan.com\\\/it\\\/#\\\/schema\\\/logo\\\/image\\\/\"}}]}<\/script>\n<!-- \/ Yoast SEO plugin. -->","yoast_head_json":{"title":"Testo di chiarimento della legge sulla protezione dei dati personali - Tirsan Kardan","description":"TIRSAN KARDAN IND. VE T\u0130C. Inc. Dimostriamo la massima sensibilit\u00e0 alla sicurezza dei tuoi dati personali.","robots":{"index":"index","follow":"follow","max-snippet":"max-snippet:-1","max-image-preview":"max-image-preview:large","max-video-preview":"max-video-preview:-1"},"canonical":"https:\/\/tirsankardan.com\/it\/testo-di-chiarimento-della-legge-sulla-protezione-dei-dati-personali\/","og_locale":"it_IT","og_type":"article","og_title":"Testo di chiarimento della legge sulla protezione dei dati personali - Tirsan Kardan","og_description":"TIRSAN KARDAN IND. VE T\u0130C. Inc. Dimostriamo la massima sensibilit\u00e0 alla sicurezza dei tuoi dati personali.","og_url":"https:\/\/tirsankardan.com\/it\/testo-di-chiarimento-della-legge-sulla-protezione-dei-dati-personali\/","og_site_name":"Tirsan Kardan","article_modified_time":"2021-09-22T07:13:00+00:00","twitter_card":"summary_large_image","twitter_misc":{"Tempo di lettura stimato":"5 minuti"},"schema":{"@context":"https:\/\/schema.org","@graph":[{"@type":"WebPage","@id":"https:\/\/tirsankardan.com\/it\/testo-di-chiarimento-della-legge-sulla-protezione-dei-dati-personali\/","url":"https:\/\/tirsankardan.com\/it\/testo-di-chiarimento-della-legge-sulla-protezione-dei-dati-personali\/","name":"Testo di chiarimento della legge sulla protezione dei dati personali - Tirsan Kardan","isPartOf":{"@id":"https:\/\/tirsankardan.com\/it\/#website"},"datePublished":"2021-09-22T07:12:59+00:00","dateModified":"2021-09-22T07:13:00+00:00","description":"TIRSAN KARDAN IND. VE T\u0130C. Inc. Dimostriamo la massima sensibilit\u00e0 alla sicurezza dei tuoi dati personali.","breadcrumb":{"@id":"https:\/\/tirsankardan.com\/it\/testo-di-chiarimento-della-legge-sulla-protezione-dei-dati-personali\/#breadcrumb"},"inLanguage":"it-IT","potentialAction":[{"@type":"ReadAction","target":["https:\/\/tirsankardan.com\/it\/testo-di-chiarimento-della-legge-sulla-protezione-dei-dati-personali\/"]}]},{"@type":"BreadcrumbList","@id":"https:\/\/tirsankardan.com\/it\/testo-di-chiarimento-della-legge-sulla-protezione-dei-dati-personali\/#breadcrumb","itemListElement":[{"@type":"ListItem","position":1,"name":"Anasayfa","item":"https:\/\/tirsankardan.com\/it\/"},{"@type":"ListItem","position":2,"name":"Testo di chiarimento della legge sulla protezione dei dati personali"}]},{"@type":"WebSite","@id":"https:\/\/tirsankardan.com\/it\/#website","url":"https:\/\/tirsankardan.com\/it\/","name":"Tirsan Kardan","description":"","publisher":{"@id":"https:\/\/tirsankardan.com\/it\/#organization"},"potentialAction":[{"@type":"SearchAction","target":{"@type":"EntryPoint","urlTemplate":"https:\/\/tirsankardan.com\/it\/?s={search_term_string}"},"query-input":{"@type":"PropertyValueSpecification","valueRequired":true,"valueName":"search_term_string"}}],"inLanguage":"it-IT"},{"@type":"Organization","@id":"https:\/\/tirsankardan.com\/it\/#organization","name":"Tirsan Kardan A\u015e","url":"https:\/\/tirsankardan.com\/it\/","logo":{"@type":"ImageObject","inLanguage":"it-IT","@id":"https:\/\/tirsankardan.com\/it\/#\/schema\/logo\/image\/","url":"https:\/\/tirsankardan.com\/wp-content\/uploads\/2018\/07\/logo.png","contentUrl":"https:\/\/tirsankardan.com\/wp-content\/uploads\/2018\/07\/logo.png","width":314,"height":69,"caption":"Tirsan Kardan A\u015e"},"image":{"@id":"https:\/\/tirsankardan.com\/it\/#\/schema\/logo\/image\/"}}]}},"_links":{"self":[{"href":"https:\/\/tirsankardan.com\/it\/wp-json\/wp\/v2\/pages\/3817","targetHints":{"allow":["GET"]}}],"collection":[{"href":"https:\/\/tirsankardan.com\/it\/wp-json\/wp\/v2\/pages"}],"about":[{"href":"https:\/\/tirsankardan.com\/it\/wp-json\/wp\/v2\/types\/page"}],"author":[{"embeddable":true,"href":"https:\/\/tirsankardan.com\/it\/wp-json\/wp\/v2\/users\/10"}],"replies":[{"embeddable":true,"href":"https:\/\/tirsankardan.com\/it\/wp-json\/wp\/v2\/comments?post=3817"}],"version-history":[{"count":3,"href":"https:\/\/tirsankardan.com\/it\/wp-json\/wp\/v2\/pages\/3817\/revisions"}],"predecessor-version":[{"id":3820,"href":"https:\/\/tirsankardan.com\/it\/wp-json\/wp\/v2\/pages\/3817\/revisions\/3820"}],"wp:attachment":[{"href":"https:\/\/tirsankardan.com\/it\/wp-json\/wp\/v2\/media?parent=3817"}],"curies":[{"name":"wp","href":"https:\/\/api.w.org\/{rel}","templated":true}]}}