{"id":10950,"date":"2023-11-01T19:40:10","date_gmt":"2023-11-01T16:40:10","guid":{"rendered":"https:\/\/tirsankardan.com\/il-nostro-codice-etico\/"},"modified":"2023-11-01T19:40:10","modified_gmt":"2023-11-01T16:40:10","slug":"il-nostro-codice-etico","status":"publish","type":"page","link":"https:\/\/tirsankardan.com\/it\/il-nostro-codice-etico\/","title":{"rendered":"Il Nostro Codice Etico"},"content":{"rendered":"\t\t<div data-elementor-type=\"wp-page\" data-elementor-id=\"10950\" class=\"elementor elementor-10950 elementor-10593\" data-elementor-settings=\"[]\">\n\t\t\t\t\t\t\t<div class=\"elementor-section-wrap\">\n\t\t\t\t\t\t\t<section class=\"elementor-section elementor-top-section elementor-element elementor-element-ccaecc3 elementor-section-boxed elementor-section-height-default elementor-section-height-default\" data-id=\"ccaecc3\" data-element_type=\"section\">\n\t\t\t\t\t\t<div class=\"elementor-container elementor-column-gap-default\">\n\t\t\t\t\t<div class=\"elementor-column elementor-col-100 elementor-top-column elementor-element elementor-element-a04b11d\" data-id=\"a04b11d\" data-element_type=\"column\">\n\t\t\t<div class=\"elementor-widget-wrap elementor-element-populated\">\n\t\t\t\t\t\t\t\t<div class=\"elementor-element elementor-element-fabc315 elementor-widget elementor-widget-text-editor\" data-id=\"fabc315\" data-element_type=\"widget\" data-widget_type=\"text-editor.default\">\n\t\t\t\t<div class=\"elementor-widget-container\">\n\t\t\t<style>\/*! elementor - v3.5.3 - 28-12-2021 *\/\n.elementor-widget-text-editor.elementor-drop-cap-view-stacked .elementor-drop-cap{background-color:#818a91;color:#fff}.elementor-widget-text-editor.elementor-drop-cap-view-framed .elementor-drop-cap{color:#818a91;border:3px solid;background-color:transparent}.elementor-widget-text-editor:not(.elementor-drop-cap-view-default) .elementor-drop-cap{margin-top:8px}.elementor-widget-text-editor:not(.elementor-drop-cap-view-default) .elementor-drop-cap-letter{width:1em;height:1em}.elementor-widget-text-editor .elementor-drop-cap{float:left;text-align:center;line-height:1;font-size:50px}.elementor-widget-text-editor .elementor-drop-cap-letter{display:inline-block}<\/style>\t\t\t\t<p>Vi chiediamo gentilmente di rivedere il Protocollo delle regole etiche di Tirsan Kardan, che \u00e8 stato creato per mantenere i valori aziendali di Tirsan Kardan e proteggere gli interessi della nostra azienda e dei dipendenti, dal testo seguente.<\/p>\n<p>Nei casi in cui ritieni che il codice etico di Tirsan Kardan sia stato violato, \u00e8 di grande importanza che ci informi immediatamente in termini di protezione della nostra azienda, dei nostri valori e dei nostri dipendenti. Nell&#8217;ambito dell&#8217;importanza che attribuiamo alla protezione delle tue informazioni personali, puoi contattarci utilizzando il nostro servizio di Ethics Line indipendente tramite i canali che troverai i dettagli di seguito.<\/p>\n<p>Linea Etica; \u00e8 un call center indipendente dove puoi esprimere le tue preoccupazioni su qualsiasi irregolarita\u2019, pericolo, abuso, crimine o altri gravi rischi che potrebbero mettere in pericolo te o la nostra azienda. Le tue chiamate rimarranno riservate per essere risolte in un&#8217;istituzione privata e indipendente.<\/p>\n<p>Per maggiori informazioni, puoi sempre chiamare il 444 Etica (3845) dalle 10:00 alle 19:00, 7 giorni su 7.<\/p>\n\t\t\t\t\t\t<\/div>\n\t\t\t\t<\/div>\n\t\t\t\t<div class=\"elementor-element elementor-element-0e9a472 tk-politikalarimiz elementor-widget elementor-widget-accordion\" data-id=\"0e9a472\" data-element_type=\"widget\" data-widget_type=\"accordion.default\">\n\t\t\t\t<div class=\"elementor-widget-container\">\n\t\t\t<style>\/*! elementor - v3.5.3 - 28-12-2021 *\/\n.elementor-accordion{text-align:left}.elementor-accordion .elementor-accordion-item{border:1px solid #d4d4d4}.elementor-accordion .elementor-accordion-item+.elementor-accordion-item{border-top:none}.elementor-accordion .elementor-tab-title{margin:0;padding:15px 20px;font-weight:700;line-height:1;cursor:pointer;outline:none}.elementor-accordion .elementor-tab-title .elementor-accordion-icon{display:inline-block;width:1.5em}.elementor-accordion .elementor-tab-title .elementor-accordion-icon svg{width:1em;height:1em}.elementor-accordion .elementor-tab-title .elementor-accordion-icon.elementor-accordion-icon-right{float:right;text-align:right}.elementor-accordion .elementor-tab-title .elementor-accordion-icon.elementor-accordion-icon-left{float:left;text-align:left}.elementor-accordion .elementor-tab-title .elementor-accordion-icon .elementor-accordion-icon-closed{display:block}.elementor-accordion .elementor-tab-title .elementor-accordion-icon .elementor-accordion-icon-opened,.elementor-accordion .elementor-tab-title.elementor-active .elementor-accordion-icon-closed{display:none}.elementor-accordion .elementor-tab-title.elementor-active .elementor-accordion-icon-opened{display:block}.elementor-accordion .elementor-tab-content{display:none;padding:15px 20px;border-top:1px solid #d4d4d4}@media (max-width:767px){.elementor-accordion .elementor-tab-title{padding:12px 15px}.elementor-accordion .elementor-tab-title .elementor-accordion-icon{width:1.2em}.elementor-accordion .elementor-tab-content{padding:7px 15px}}<\/style>\t\t<div class=\"elementor-accordion\" role=\"tablist\">\n\t\t\t\t\t\t\t<div class=\"elementor-accordion-item\">\n\t\t\t\t\t<div id=\"elementor-tab-title-1531\" class=\"elementor-tab-title\" data-tab=\"1\" role=\"tab\" aria-controls=\"elementor-tab-content-1531\" aria-expanded=\"false\">\n\t\t\t\t\t\t\t\t\t\t\t\t<a class=\"elementor-accordion-title\" href=\"\"> Canali di contatto del call center della linea etica indipendente:<\/a>\n\t\t\t\t\t<\/div>\n\t\t\t\t\t<div id=\"elementor-tab-content-1531\" class=\"elementor-tab-content elementor-clearfix\" data-tab=\"1\" role=\"tabpanel\" aria-labelledby=\"elementor-tab-title-1531\"><div id=\"elementor-tab-content-9571\" class=\"elementor-tab-content elementor-clearfix elementor-active\" role=\"tabpanel\" data-tab=\"1\" aria-labelledby=\"elementor-tab-title-9571\">\n<ul>\n<li>Per telefonate; <strong>444 3845 (Etica)<\/strong><\/li>\n<li>Per le tue notifiche e-mail; <a href=\"mailto:tirsankardan@etikhat.com.tr\"><strong>tirsankardan@etikhat.com.tr<\/strong><\/a><\/li>\n<li>Per le condivisioni del tuo canale web: <a href=\"http:\/\/www.etikhat.com.tr\/\"><strong>etikhat.com.tr<\/strong><\/a><\/li>\n<\/ul>\n<p>Gli operatori sono dipendenti di una societa\u2019 di call center indipendente che ti assisteranno. Saranno raccolti e mantenuti riservati il tuo nome, le informazioni di contatto e tutte le altre informazioni su di te. <strong>(se desideri condividerli)<\/strong><\/p>\n<p>Puoi trasmettere comodamente qualsiasi domanda nei seguenti titoli ai funzionari dell&#8217;azienda indipendente che ti assisteranno.<\/p>\n<\/div>\n<\/div>\n\t\t\t\t<\/div>\n\t\t\t\t\t\t\t<div class=\"elementor-accordion-item\">\n\t\t\t\t\t<div id=\"elementor-tab-title-1532\" class=\"elementor-tab-title\" data-tab=\"2\" role=\"tab\" aria-controls=\"elementor-tab-content-1532\" aria-expanded=\"false\">\n\t\t\t\t\t\t\t\t\t\t\t\t<a class=\"elementor-accordion-title\" href=\"\"> Cos'\u00e8 la linea etica?<\/a>\n\t\t\t\t\t<\/div>\n\t\t\t\t\t<div id=\"elementor-tab-content-1532\" class=\"elementor-tab-content elementor-clearfix\" data-tab=\"2\" role=\"tabpanel\" aria-labelledby=\"elementor-tab-title-1532\"><p>\u00c8 una linea di telefonica, di web e di posta elettronica dove puoi comunicare qualsiasi irregolarita\u2019, crimine, pericolo o altri gravi rischi che possono causare preoccupazione.<\/p>\n<\/div>\n\t\t\t\t<\/div>\n\t\t\t\t\t\t\t<div class=\"elementor-accordion-item\">\n\t\t\t\t\t<div id=\"elementor-tab-title-1533\" class=\"elementor-tab-title\" data-tab=\"3\" role=\"tab\" aria-controls=\"elementor-tab-content-1533\" aria-expanded=\"false\">\n\t\t\t\t\t\t\t\t\t\t\t\t<a class=\"elementor-accordion-title\" href=\"\"> Chi \u00e8 il proprietario del sistema della linea etica?<\/a>\n\t\t\t\t\t<\/div>\n\t\t\t\t\t<div id=\"elementor-tab-content-1533\" class=\"elementor-tab-content elementor-clearfix\" data-tab=\"3\" role=\"tabpanel\" aria-labelledby=\"elementor-tab-title-1533\"><p>Il proprietario di questo sistema \u00e8 Etik Bildirim and Assurance Consultancy Services Ltd. \u015eti. Etik Bildirim and Assurance Consultancy Services Ltd. Ltd. \u00e8 un&#8217;impresa indipendente dall&#8217;esterno.<\/p>\n<\/div>\n\t\t\t\t<\/div>\n\t\t\t\t\t\t\t<div class=\"elementor-accordion-item\">\n\t\t\t\t\t<div id=\"elementor-tab-title-1534\" class=\"elementor-tab-title\" data-tab=\"4\" role=\"tab\" aria-controls=\"elementor-tab-content-1534\" aria-expanded=\"false\">\n\t\t\t\t\t\t\t\t\t\t\t\t<a class=\"elementor-accordion-title\" href=\"\">Come posso raggiungere La Linea Etica?<\/a>\n\t\t\t\t\t<\/div>\n\t\t\t\t\t<div id=\"elementor-tab-content-1534\" class=\"elementor-tab-content elementor-clearfix\" data-tab=\"4\" role=\"tabpanel\" aria-labelledby=\"elementor-tab-title-1534\"><div id=\"elementor-tab-content-9574\" class=\"elementor-tab-content elementor-clearfix elementor-active\" role=\"tabpanel\" data-tab=\"4\" aria-labelledby=\"elementor-tab-title-9574\">\n<ul>\n<li>Nelle telefonate; Potete contattarci al 444 38 45 (Etica).<\/li>\n<li>Puoi anche inviare <a href=\"mailto:tirsankardan@etikhat.com.tr\"><strong>un&#8217;e-mail a tirsankardan@etikhat.com.tr<\/strong><\/a> da qualsiasi indirizzo e-mail.<\/li>\n<li>Sul web, puoi raggiungerlo su <a href=\"http:\/\/www.etikhat.com.tr\/\">etikhat.com.tr.<\/a><\/li>\n<\/ul>\n<\/div>\n<\/div>\n\t\t\t\t<\/div>\n\t\t\t\t\t\t\t<div class=\"elementor-accordion-item\">\n\t\t\t\t\t<div id=\"elementor-tab-title-1535\" class=\"elementor-tab-title\" data-tab=\"5\" role=\"tab\" aria-controls=\"elementor-tab-content-1535\" aria-expanded=\"false\">\n\t\t\t\t\t\t\t\t\t\t\t\t<a class=\"elementor-accordion-title\" href=\"\"> A che ora posso chiamare?<\/a>\n\t\t\t\t\t<\/div>\n\t\t\t\t\t<div id=\"elementor-tab-content-1535\" class=\"elementor-tab-content elementor-clearfix\" data-tab=\"5\" role=\"tabpanel\" aria-labelledby=\"elementor-tab-title-1535\"><div id=\"elementor-tab-content-9575\" class=\"elementor-tab-content elementor-clearfix elementor-active\" role=\"tabpanel\" data-tab=\"5\" aria-labelledby=\"elementor-tab-title-9575\">\n<p>Gli operatori che rispondono al telefono dalle 10.00 alle 19.00, 7 giorni della settimana. La registrazione verra\u2019 effettuata tramite la centrale telefonica tra le ore 19.00 e le 10.00 e nei giorni festivi.<\/p>\n<p>Puoi inviare la tua e-mail in qualsiasi momento. Le e-mail inviate verranno registrate ed elaborate di conseguenza.<\/p>\n<\/div>\n<\/div>\n\t\t\t\t<\/div>\n\t\t\t\t\t\t\t<div class=\"elementor-accordion-item\">\n\t\t\t\t\t<div id=\"elementor-tab-title-1536\" class=\"elementor-tab-title\" data-tab=\"6\" role=\"tab\" aria-controls=\"elementor-tab-content-1536\" aria-expanded=\"false\">\n\t\t\t\t\t\t\t\t\t\t\t\t<a class=\"elementor-accordion-title\" href=\"\">Chi puo\u2019 utilizzare la linea etica?<\/a>\n\t\t\t\t\t<\/div>\n\t\t\t\t\t<div id=\"elementor-tab-content-1536\" class=\"elementor-tab-content elementor-clearfix\" data-tab=\"6\" role=\"tabpanel\" aria-labelledby=\"elementor-tab-title-1536\"><div id=\"elementor-tab-content-9576\" class=\"elementor-tab-content elementor-clearfix elementor-active\" role=\"tabpanel\" data-tab=\"6\" aria-labelledby=\"elementor-tab-title-9576\">\n<p>Tutti i nostri dipendenti e stakeholder aziendali possono condividere con questa linea.<\/p>\n<\/div>\n<\/div>\n\t\t\t\t<\/div>\n\t\t\t\t\t\t\t<div class=\"elementor-accordion-item\">\n\t\t\t\t\t<div id=\"elementor-tab-title-1537\" class=\"elementor-tab-title\" data-tab=\"7\" role=\"tab\" aria-controls=\"elementor-tab-content-1537\" aria-expanded=\"false\">\n\t\t\t\t\t\t\t\t\t\t\t\t<a class=\"elementor-accordion-title\" href=\"\">Il processo richiede molto tempo?<\/a>\n\t\t\t\t\t<\/div>\n\t\t\t\t\t<div id=\"elementor-tab-content-1537\" class=\"elementor-tab-content elementor-clearfix\" data-tab=\"7\" role=\"tabpanel\" aria-labelledby=\"elementor-tab-title-1537\"><p>Grazie al miglioramento del funzionamento del servizio, i tuoi problemi verranno risolti molto piu\u2019 veloce. Inoltre, sarai informato durante il processo e quando sara\u2019 concluso.<\/p>\n<\/div>\n\t\t\t\t<\/div>\n\t\t\t\t\t\t\t<div class=\"elementor-accordion-item\">\n\t\t\t\t\t<div id=\"elementor-tab-title-1538\" class=\"elementor-tab-title\" data-tab=\"8\" role=\"tab\" aria-controls=\"elementor-tab-content-1538\" aria-expanded=\"false\">\n\t\t\t\t\t\t\t\t\t\t\t\t<a class=\"elementor-accordion-title\" href=\"\"> Su quali argomenti posso chiamare la linea etica?<\/a>\n\t\t\t\t\t<\/div>\n\t\t\t\t\t<div id=\"elementor-tab-content-1538\" class=\"elementor-tab-content elementor-clearfix\" data-tab=\"8\" role=\"tabpanel\" aria-labelledby=\"elementor-tab-title-1538\"><div id=\"elementor-tab-content-9578\" class=\"elementor-tab-content elementor-clearfix elementor-active\" role=\"tabpanel\" data-tab=\"8\" aria-labelledby=\"elementor-tab-title-9578\">\n<p>\u00c8 possibile chiamare la linea etica sotto i seguenti titoli per problemi comportamentali non etici, abusi e altri problemi critici.<\/p>\n<ol>\n<li><strong><u>QUESTIONI COMPORTAMENTALI NON ETICHE<\/u><\/strong><\/li>\n<\/ol>\n<p>1.1. Controversia\/Disputa<br \/>1.2. Discriminazione<br \/>1.3. Insulto<br \/>1.4. Molestie psicologiche\/mobbing<br \/>1.5. Molestie sessuali<br \/>1.6. Minaccia\/ricatto<br \/>1.7. Violenza fisica\/ Combattimento<br \/>1.8. Relazioni emotive che interrompono l&#8217;ambiente di lavoro<br \/>1.9. Consumo di alcol e droghe<br \/>1.10. Licenziamento ingiustamente<br \/>1.11. Pratiche sleali in materia di ordine di lavoro<br \/>1.12. politico ecc. Essere in Propaganda<br \/>1.13. Altri problemi comportamentali<\/p>\n<\/p>\n<ol start=\"2\">\n<li><strong><u>ABUSO E ALTRE CRITICIT\u00c0<\/u><\/strong><\/li>\n<\/ol>\n<p>2.1. Violazione delle regole aziendali<br \/>2.2. Sprecare risorse aziendali<br \/>2.3. Appropriazione indebita delle risorse aziendali<br \/>2.4. Furto interno<br \/>2.5. Furto in outsourcing<br \/>2.6. Truffa e frode<br \/>2.7. Relazione con gli interessi del fornitore<br \/>2.8. Corruzione<br \/>2.9. Perdita di informazioni (violazione della sicurezza delle informazioni)<br \/>2.10. Violazioni che mettono in pericolo la salute e la sicurezza sul lavoro<br \/>2.11. Violazioni che danneggiano il marchio e la reputazione<br \/>2.12. Altri problemi critici<\/p>\n<\/div>\n<\/div>\n\t\t\t\t<\/div>\n\t\t\t\t\t\t\t<div class=\"elementor-accordion-item\">\n\t\t\t\t\t<div id=\"elementor-tab-title-1539\" class=\"elementor-tab-title\" data-tab=\"9\" role=\"tab\" aria-controls=\"elementor-tab-content-1539\" aria-expanded=\"false\">\n\t\t\t\t\t\t\t\t\t\t\t\t<a class=\"elementor-accordion-title\" href=\"\"> Chi rispondera\u2019 quando chiamo?<\/a>\n\t\t\t\t\t<\/div>\n\t\t\t\t\t<div id=\"elementor-tab-content-1539\" class=\"elementor-tab-content elementor-clearfix\" data-tab=\"9\" role=\"tabpanel\" aria-labelledby=\"elementor-tab-title-1539\"><p>Gli operatori che sono dipendenti di una societa\u2019 di call center indipendente ti assisteranno. Il tuo nome, le informazioni di contatto e tutte le altre informazioni su di te saranno mantenute riservate in tutte le fasi.<\/p>\n<\/div>\n\t\t\t\t<\/div>\n\t\t\t\t\t\t\t<div class=\"elementor-accordion-item\">\n\t\t\t\t\t<div id=\"elementor-tab-title-15310\" class=\"elementor-tab-title\" data-tab=\"10\" role=\"tab\" aria-controls=\"elementor-tab-content-15310\" aria-expanded=\"false\">\n\t\t\t\t\t\t\t\t\t\t\t\t<a class=\"elementor-accordion-title\" href=\"\"> Per qualsiasi altra informazione sull'argomento;<\/a>\n\t\t\t\t\t<\/div>\n\t\t\t\t\t<div id=\"elementor-tab-content-15310\" class=\"elementor-tab-content elementor-clearfix\" data-tab=\"10\" role=\"tabpanel\" aria-labelledby=\"elementor-tab-title-15310\"><div id=\"elementor-tab-content-95710\" class=\"elementor-tab-content elementor-clearfix elementor-active\" role=\"tabpanel\" data-tab=\"10\" aria-labelledby=\"elementor-tab-title-95710\">\n<p>etikhat@tirsankardan.com<\/p>\n<\/div>\n<\/div>\n\t\t\t\t<\/div>\n\t\t\t\t\t\t\t\t<\/div>\n\t\t\t\t<\/div>\n\t\t\t\t<\/div>\n\t\t\t\t\t<\/div>\n\t\t<\/div>\n\t\t\t\t\t\t\t<\/div>\n\t\t<\/section>\n\t\t\t\t\t\t<\/div>\n\t\t\t\t\t<\/div>\n\t\t","protected":false},"excerpt":{"rendered":"<p>Vi chiediamo gentilmente di rivedere il Protocollo delle regole etiche di Tirsan Kardan, che \u00e8 stato creato per&#8230;<\/p>\n","protected":false},"author":10,"featured_media":0,"parent":0,"menu_order":0,"comment_status":"closed","ping_status":"closed","template":"","meta":{"_acf_changed":false,"footnotes":""},"class_list":["post-10950","page","type-page","status-publish","hentry"],"acf":[],"yoast_head":"<!-- This site is optimized with the Yoast SEO plugin v27.5 - https:\/\/yoast.com\/product\/yoast-seo-wordpress\/ -->\n<title>Il Nostro Codice Etico - Tirsan Kardan<\/title>\n<meta name=\"robots\" content=\"index, follow, max-snippet:-1, max-image-preview:large, max-video-preview:-1\" \/>\n<link rel=\"canonical\" href=\"https:\/\/tirsankardan.com\/it\/il-nostro-codice-etico\/\" \/>\n<meta property=\"og:locale\" content=\"it_IT\" \/>\n<meta property=\"og:type\" content=\"article\" \/>\n<meta property=\"og:title\" content=\"Il Nostro Codice Etico - Tirsan Kardan\" \/>\n<meta property=\"og:description\" content=\"Vi chiediamo gentilmente di rivedere il Protocollo delle regole etiche di Tirsan Kardan, che \u00e8 stato creato per...\" \/>\n<meta property=\"og:url\" content=\"https:\/\/tirsankardan.com\/it\/il-nostro-codice-etico\/\" \/>\n<meta property=\"og:site_name\" content=\"Tirsan Kardan\" \/>\n<meta name=\"twitter:card\" content=\"summary_large_image\" \/>\n<meta name=\"twitter:label1\" content=\"Tempo di lettura stimato\" \/>\n\t<meta name=\"twitter:data1\" content=\"3 minuti\" \/>\n<script type=\"application\/ld+json\" class=\"yoast-schema-graph\">{\"@context\":\"https:\\\/\\\/schema.org\",\"@graph\":[{\"@type\":\"WebPage\",\"@id\":\"https:\\\/\\\/tirsankardan.com\\\/it\\\/il-nostro-codice-etico\\\/\",\"url\":\"https:\\\/\\\/tirsankardan.com\\\/it\\\/il-nostro-codice-etico\\\/\",\"name\":\"Il Nostro Codice Etico - Tirsan Kardan\",\"isPartOf\":{\"@id\":\"https:\\\/\\\/tirsankardan.com\\\/it\\\/#website\"},\"datePublished\":\"2023-11-01T16:40:10+00:00\",\"breadcrumb\":{\"@id\":\"https:\\\/\\\/tirsankardan.com\\\/it\\\/il-nostro-codice-etico\\\/#breadcrumb\"},\"inLanguage\":\"it-IT\",\"potentialAction\":[{\"@type\":\"ReadAction\",\"target\":[\"https:\\\/\\\/tirsankardan.com\\\/it\\\/il-nostro-codice-etico\\\/\"]}]},{\"@type\":\"BreadcrumbList\",\"@id\":\"https:\\\/\\\/tirsankardan.com\\\/it\\\/il-nostro-codice-etico\\\/#breadcrumb\",\"itemListElement\":[{\"@type\":\"ListItem\",\"position\":1,\"name\":\"Anasayfa\",\"item\":\"https:\\\/\\\/tirsankardan.com\\\/it\\\/\"},{\"@type\":\"ListItem\",\"position\":2,\"name\":\"Il Nostro Codice Etico\"}]},{\"@type\":\"WebSite\",\"@id\":\"https:\\\/\\\/tirsankardan.com\\\/it\\\/#website\",\"url\":\"https:\\\/\\\/tirsankardan.com\\\/it\\\/\",\"name\":\"Tirsan Kardan\",\"description\":\"\",\"publisher\":{\"@id\":\"https:\\\/\\\/tirsankardan.com\\\/it\\\/#organization\"},\"potentialAction\":[{\"@type\":\"SearchAction\",\"target\":{\"@type\":\"EntryPoint\",\"urlTemplate\":\"https:\\\/\\\/tirsankardan.com\\\/it\\\/?s={search_term_string}\"},\"query-input\":{\"@type\":\"PropertyValueSpecification\",\"valueRequired\":true,\"valueName\":\"search_term_string\"}}],\"inLanguage\":\"it-IT\"},{\"@type\":\"Organization\",\"@id\":\"https:\\\/\\\/tirsankardan.com\\\/it\\\/#organization\",\"name\":\"Tirsan Kardan A\u015e\",\"url\":\"https:\\\/\\\/tirsankardan.com\\\/it\\\/\",\"logo\":{\"@type\":\"ImageObject\",\"inLanguage\":\"it-IT\",\"@id\":\"https:\\\/\\\/tirsankardan.com\\\/it\\\/#\\\/schema\\\/logo\\\/image\\\/\",\"url\":\"https:\\\/\\\/tirsankardan.com\\\/wp-content\\\/uploads\\\/2018\\\/07\\\/logo.png\",\"contentUrl\":\"https:\\\/\\\/tirsankardan.com\\\/wp-content\\\/uploads\\\/2018\\\/07\\\/logo.png\",\"width\":314,\"height\":69,\"caption\":\"Tirsan Kardan A\u015e\"},\"image\":{\"@id\":\"https:\\\/\\\/tirsankardan.com\\\/it\\\/#\\\/schema\\\/logo\\\/image\\\/\"}}]}<\/script>\n<!-- \/ Yoast SEO plugin. -->","yoast_head_json":{"title":"Il Nostro Codice Etico - Tirsan Kardan","robots":{"index":"index","follow":"follow","max-snippet":"max-snippet:-1","max-image-preview":"max-image-preview:large","max-video-preview":"max-video-preview:-1"},"canonical":"https:\/\/tirsankardan.com\/it\/il-nostro-codice-etico\/","og_locale":"it_IT","og_type":"article","og_title":"Il Nostro Codice Etico - Tirsan Kardan","og_description":"Vi chiediamo gentilmente di rivedere il Protocollo delle regole etiche di Tirsan Kardan, che \u00e8 stato creato per...","og_url":"https:\/\/tirsankardan.com\/it\/il-nostro-codice-etico\/","og_site_name":"Tirsan Kardan","twitter_card":"summary_large_image","twitter_misc":{"Tempo di lettura stimato":"3 minuti"},"schema":{"@context":"https:\/\/schema.org","@graph":[{"@type":"WebPage","@id":"https:\/\/tirsankardan.com\/it\/il-nostro-codice-etico\/","url":"https:\/\/tirsankardan.com\/it\/il-nostro-codice-etico\/","name":"Il Nostro Codice Etico - Tirsan Kardan","isPartOf":{"@id":"https:\/\/tirsankardan.com\/it\/#website"},"datePublished":"2023-11-01T16:40:10+00:00","breadcrumb":{"@id":"https:\/\/tirsankardan.com\/it\/il-nostro-codice-etico\/#breadcrumb"},"inLanguage":"it-IT","potentialAction":[{"@type":"ReadAction","target":["https:\/\/tirsankardan.com\/it\/il-nostro-codice-etico\/"]}]},{"@type":"BreadcrumbList","@id":"https:\/\/tirsankardan.com\/it\/il-nostro-codice-etico\/#breadcrumb","itemListElement":[{"@type":"ListItem","position":1,"name":"Anasayfa","item":"https:\/\/tirsankardan.com\/it\/"},{"@type":"ListItem","position":2,"name":"Il Nostro Codice Etico"}]},{"@type":"WebSite","@id":"https:\/\/tirsankardan.com\/it\/#website","url":"https:\/\/tirsankardan.com\/it\/","name":"Tirsan Kardan","description":"","publisher":{"@id":"https:\/\/tirsankardan.com\/it\/#organization"},"potentialAction":[{"@type":"SearchAction","target":{"@type":"EntryPoint","urlTemplate":"https:\/\/tirsankardan.com\/it\/?s={search_term_string}"},"query-input":{"@type":"PropertyValueSpecification","valueRequired":true,"valueName":"search_term_string"}}],"inLanguage":"it-IT"},{"@type":"Organization","@id":"https:\/\/tirsankardan.com\/it\/#organization","name":"Tirsan Kardan A\u015e","url":"https:\/\/tirsankardan.com\/it\/","logo":{"@type":"ImageObject","inLanguage":"it-IT","@id":"https:\/\/tirsankardan.com\/it\/#\/schema\/logo\/image\/","url":"https:\/\/tirsankardan.com\/wp-content\/uploads\/2018\/07\/logo.png","contentUrl":"https:\/\/tirsankardan.com\/wp-content\/uploads\/2018\/07\/logo.png","width":314,"height":69,"caption":"Tirsan Kardan A\u015e"},"image":{"@id":"https:\/\/tirsankardan.com\/it\/#\/schema\/logo\/image\/"}}]}},"_links":{"self":[{"href":"https:\/\/tirsankardan.com\/it\/wp-json\/wp\/v2\/pages\/10950","targetHints":{"allow":["GET"]}}],"collection":[{"href":"https:\/\/tirsankardan.com\/it\/wp-json\/wp\/v2\/pages"}],"about":[{"href":"https:\/\/tirsankardan.com\/it\/wp-json\/wp\/v2\/types\/page"}],"author":[{"embeddable":true,"href":"https:\/\/tirsankardan.com\/it\/wp-json\/wp\/v2\/users\/10"}],"replies":[{"embeddable":true,"href":"https:\/\/tirsankardan.com\/it\/wp-json\/wp\/v2\/comments?post=10950"}],"version-history":[{"count":1,"href":"https:\/\/tirsankardan.com\/it\/wp-json\/wp\/v2\/pages\/10950\/revisions"}],"predecessor-version":[{"id":10951,"href":"https:\/\/tirsankardan.com\/it\/wp-json\/wp\/v2\/pages\/10950\/revisions\/10951"}],"wp:attachment":[{"href":"https:\/\/tirsankardan.com\/it\/wp-json\/wp\/v2\/media?parent=10950"}],"curies":[{"name":"wp","href":"https:\/\/api.w.org\/{rel}","templated":true}]}}