{"id":5174,"date":"2021-10-14T11:45:49","date_gmt":"2021-10-14T08:45:49","guid":{"rendered":"https:\/\/tirsankardan.com\/gesetz-zum-schutz-personenbezogener-daten-aufklaerunhstext\/"},"modified":"2021-10-18T16:59:15","modified_gmt":"2021-10-18T13:59:15","slug":"gesetz-zum-schutz-personenbezogener-daten-aufklaerunhstext","status":"publish","type":"page","link":"https:\/\/tirsankardan.com\/de\/gesetz-zum-schutz-personenbezogener-daten-aufklaerunhstext\/","title":{"rendered":"Gesetz Zum Schutz Personenbezogener Daten Aufkl\u00e4runhstext"},"content":{"rendered":"\t\t<div data-elementor-type=\"wp-page\" data-elementor-id=\"5174\" class=\"elementor elementor-5174 elementor-275\" data-elementor-settings=\"[]\">\n\t\t\t\t\t\t\t<div class=\"elementor-section-wrap\">\n\t\t\t\t\t\t\t<section class=\"elementor-section elementor-top-section elementor-element elementor-element-3d4dd3f elementor-section-boxed elementor-section-height-default elementor-section-height-default\" data-id=\"3d4dd3f\" data-element_type=\"section\">\n\t\t\t\t\t\t<div class=\"elementor-container elementor-column-gap-default\">\n\t\t\t\t\t<div class=\"elementor-column elementor-col-33 elementor-top-column elementor-element elementor-element-f0bbdaf\" data-id=\"f0bbdaf\" data-element_type=\"column\">\n\t\t\t<div class=\"elementor-widget-wrap\">\n\t\t\t\t\t\t\t\t\t<\/div>\n\t\t<\/div>\n\t\t\t\t<div class=\"elementor-column elementor-col-33 elementor-top-column elementor-element elementor-element-87cd209\" data-id=\"87cd209\" data-element_type=\"column\">\n\t\t\t<div class=\"elementor-widget-wrap elementor-element-populated\">\n\t\t\t\t\t\t\t\t<div class=\"elementor-element elementor-element-c5e9d02 elementor-widget elementor-widget-spacer\" data-id=\"c5e9d02\" data-element_type=\"widget\" data-widget_type=\"spacer.default\">\n\t\t\t\t<div class=\"elementor-widget-container\">\n\t\t\t<style>\/*! elementor - v3.6.4 - 13-04-2022 *\/\n.e-container.e-container--row .elementor-spacer-inner{width:var(--spacer-size)}.e-container.e-container--column .elementor-spacer-inner,.elementor-column .elementor-spacer-inner{height:var(--spacer-size)}<\/style>\t\t<div class=\"elementor-spacer\">\n\t\t\t<div class=\"elementor-spacer-inner\"><\/div>\n\t\t<\/div>\n\t\t\t\t<\/div>\n\t\t\t\t<\/div>\n\t\t\t\t<div class=\"elementor-element elementor-element-6d00dd62 elementor-widget elementor-widget-text-editor\" data-id=\"6d00dd62\" data-element_type=\"widget\" data-widget_type=\"text-editor.default\">\n\t\t\t\t<div class=\"elementor-widget-container\">\n\t\t\t<style>\/*! elementor - v3.5.3 - 28-12-2021 *\/\n.elementor-widget-text-editor.elementor-drop-cap-view-stacked .elementor-drop-cap{background-color:#818a91;color:#fff}.elementor-widget-text-editor.elementor-drop-cap-view-framed .elementor-drop-cap{color:#818a91;border:3px solid;background-color:transparent}.elementor-widget-text-editor:not(.elementor-drop-cap-view-default) .elementor-drop-cap{margin-top:8px}.elementor-widget-text-editor:not(.elementor-drop-cap-view-default) .elementor-drop-cap-letter{width:1em;height:1em}.elementor-widget-text-editor .elementor-drop-cap{float:left;text-align:center;line-height:1;font-size:50px}.elementor-widget-text-editor .elementor-drop-cap-letter{display:inline-block}<\/style>\t\t\t\t<p><\/p>\n<p style=\"text-align: left;\">GESETZ ZUM SCHUTZ PERSONENBEZOGENER DATEN AUFKL\u00c4RUNHSTEXT Als T\u0130RSAN KARDAN zeigen wir maximale Sensibilit\u00e4t f\u00fcr die Sicherheit Ihrer pers\u00f6nlichen Daten. Mit diesem Bewusstsein legen wir als Unternehmen gro\u00dfen Wert auf die Verarbeitung und Aufbewahrung aller personenbezogenen Daten aller mit dem Unternehmen verbundenen Personen gem\u00e4\u00df dem Datenschutzgesetz Nr. 6698 (&#8220;KVKK&#8221;). Mit dem vollen Verst\u00e4ndnis dieser Verantwortung verarbeiten wir Ihre personenbezogenen Daten in der Eigenschaft eines &#8220;Daten\u00fcberwachers&#8221;, der im Rahmen von KVKK definiert ist, innerhalb der gesetzlich vorgeschriebenen Grenzen.<\/p>\n<p><\/p>\n<p>In diesem Beleuchtungstext;<\/p>\n<p><\/p>\n<ul>\n<li><strong>Personenbezogene Daten:<\/strong> Alle Informationen, die sich auf eine identifizierte oder identifizierbare nat\u00fcrliche Person beziehen,<\/li>\n<li><strong>Gesetz \u00fcber den Schutz personenbezogener Daten (\u201eKVKK\u201c):<\/strong> Gesetz \u00fcber den Schutz personenbezogener Daten Nr. 6698, das am 07.04.2016 im Amtsblatt ver\u00f6ffentlicht wurde,<\/li>\n<li><strong>Datenverantwortlicher:<\/strong> Die nat\u00fcrliche oder juristische Person, die die Zwecke und Mittel der Verarbeitung personenbezogener Daten bestimmt und f\u00fcr die Einrichtung und Verwaltung des Datenerfassungssystems verantwortlich ist,<\/li>\n<li><strong>Datenverarbeiter:<\/strong> Bezieht sich auf die nat\u00fcrliche oder juristische Person, die personenbezogene Daten im Auftrag des Datenverantwortlichen verarbeitet, basierend auf der von ihm erteilten Befugnis.<\/li>\n<\/ul>\n<p><\/p>\n<p><strong><u>Datenschutzbeauftragter:<\/u><\/strong><\/p>\n<p><\/p>\n<p>Der Adressat, Lieferant, Kunde, Mitarbeiter, Auszubildender, Besucher etc. Ihre pers\u00f6nlichen Daten, die Sie mit den Titeln von TIRSAN KARDAN SAN teilen. VE T\u0130C. Inc. werden von der juristischen Person im unten angegebenen Umfang bewertet.<\/p>\n<p><\/p>\n<ol type=\"1\">\n<li><strong>Erhebung, Verarbeitung und Gesch\u00e4ftszwecke personenbezogener Daten<u><\/u><u><\/u><\/strong><\/li>\n<\/ol>\n<p><\/p>\n<p>Obwohl Ihre personenbezogenen Daten je nach Beziehung zwischen Ihnen und unserem Unternehmen variieren k\u00f6nnen; Sie k\u00f6nnen m\u00fcndlich, schriftlich oder elektronisch, durch automatische oder nicht-automatische Verfahren, \u00fcber die Einheiten unseres Unternehmens, unsere Website, Social-Media-Kan\u00e4le, mobile Anwendungen und \u00e4hnliche Mittel erhoben werden. Ihre personenbezogenen Daten werden so lange erstellt und aktualisiert, wie Ihre Beziehung zu unserem Unternehmen andauert.<\/p>\n<p><\/p>\n<p>Ihre erhobenen personenbezogenen Daten unterliegen der KVKK zum Zwecke der Erbringung der erforderlichen Arbeit, damit Sie von den Dienstleistungen unseres Unternehmens profitieren k\u00f6nnen, der Gew\u00e4hrleistung der rechtlichen und kommerziellen Sicherheit unseres Unternehmens und derjenigen, die eine Gesch\u00e4ftsbeziehung mit unserem Unternehmen haben, sowie der Festlegung und Umsetzung unserer Unternehmensstrategien und Sicherstellung der Umsetzung der Personalpolitik unseres Unternehmens. 5. und Gem\u00e4\u00df den Bedingungen und Zwecken der Verarbeitung personenbezogener Daten gem\u00e4\u00df Artikel 6,<\/p>\n<p><\/p>\n<ul>\n<li>Einhaltung der Gesetze und Ehrlichkeitsregeln,<\/li>\n<li>Korrekt und aktuell, wenn n\u00f6tig,<\/li>\n<li>F\u00fcr spezifische, explizite und legitime Zwecke,<\/li>\n<li>in Bezug auf den Zweck, f\u00fcr den sie verarbeitet, eingeschr\u00e4nkt und gemessen werden,<\/li>\n<li>F\u00fcr die nach den einschl\u00e4gigen Rechtsvorschriften vorgeschriebene Dauer oder f\u00fcr den Zweck, f\u00fcr den sie verarbeitet werden, aufzubewahren,<\/li>\n<\/ul>\n<p><\/p>\n<p>Es wird gem\u00e4\u00df den Regeln verarbeitet.<\/p>\n<p><\/p>\n<ol start=\"2\" type=\"1\">\n<li><strong>An wen und zu welchem Zweck k\u00f6nnen die verarbeiteten personenbezogenen Daten \u00fcbermittelt werden:<u><\/u><u><\/u><\/strong><\/li>\n<\/ol>\n<p><\/p>\n<p>Ihre gesammelten personenbezogenen Daten; An unsere Gesch\u00e4ftspartner, Lieferanten, gesetzlich erm\u00e4chtigte Beh\u00f6rden, um die f\u00fcr Sie erforderlichen Arbeiten auszuf\u00fchren, um von den Dienstleistungen unseres Unternehmens durch die entsprechenden Gesch\u00e4ftseinheiten zu profitieren, die rechtliche und wirtschaftliche Sicherheit unseres Unternehmens und derjenigen, die in einer Gesch\u00e4ftsbeziehung stehen, zu gew\u00e4hrleisten mit unserem Unternehmen, die Festlegung und Umsetzung der Gesch\u00e4fts- und Gesch\u00e4ftsstrategien unseres Unternehmens und die Sicherstellung der Umsetzung der Personalpolitik unseres Unternehmens. KVKK an Institutionen und Privatpersonen 8. und Sie k\u00f6nnen im Rahmen der in Artikel 9 genannten Bedingungen und Zwecke der Verarbeitung personenbezogener Daten \u00fcbermittelt werden.<\/p>\n<p><\/p>\n<ol start=\"3\" type=\"1\">\n<li><strong>Methode und Rechtsgrund f\u00fcr die Erhebung personenbezogener Daten:<u><\/u><u><\/u><\/strong><\/li>\n<\/ol>\n<p><\/p>\n<p>Ihre personenbezogenen Daten werden in allen Arten von m\u00fcndlichen, schriftlichen oder elektronischen Medien erhoben, um unsere Dienstleistungen zu den oben genannten Zwecken zu erbringen und die vertraglichen und gesetzlichen Pflichten unseres Unternehmens vollst\u00e4ndig und korrekt zu erf\u00fcllen. Ihre aus diesem Rechtsgrund erhobenen personenbezogenen Daten 5. und Im Rahmen der in Artikel 6 genannten Bedingungen und Zwecke der Verarbeitung personenbezogener Daten k\u00f6nnen diese auch zu den in Artikel (1) und (2) dieses Textes genannten Zwecken verarbeitet und \u00fcbermittelt werden.<\/p>\n<p><\/p>\n<ol start=\"4\" type=\"1\">\n<li><strong>11 der KVKK des Eigent\u00fcmers personenbezogener Daten. Im Artikel aufgez\u00e4hlte Rechte:<u><\/u><u><\/u><\/strong><\/li>\n<\/ol>\n<p><\/p>\n<p>Wenn Sie als Eigent\u00fcmer personenbezogener Daten Ihre Anfragen zu Ihren Rechten an unser Unternehmen \u00fcber die unten beschriebenen Methoden richten, wird unser Unternehmen diese je nach Art der Anfrage sp\u00e4testens innerhalb von 30 Tagen kostenlos abschlie\u00dfen. Wenn jedoch eine Geb\u00fchr von der Datenschutzbeh\u00f6rde festgelegt wird, wird die Geb\u00fchr in dem von unserem Unternehmen festgelegten Tarif berechnet. In diesem Zusammenhang Eigent\u00fcmer personenbezogener Daten;<\/p>\n<p><\/p>\n<ol type=\"a\">\n<li>Kenntnis dar\u00fcber, ob personenbezogene Daten verarbeitet werden oder nicht,<\/li>\n<li>Wenn personenbezogene Daten verarbeitet wurden, Auskunft dar\u00fcber verlangen,<\/li>\n<li>Kenntnis \u00fcber den Zweck der Verarbeitung personenbezogener Daten und deren bestimmungsgem\u00e4\u00dfe Verwendung,<\/li>\n<li>Kenntnis der Dritten, an die personenbezogene Daten im In- und Ausland \u00fcbermittelt werden,<\/li>\n<li>Beantragung der Berichtigung personenbezogener Daten, wenn diese unvollst\u00e4ndig oder falsch verarbeitet sind,<\/li>\n<li>KVKK 7. Antrag auf L\u00f6schung oder Vernichtung personenbezogener Daten im Rahmen der im Artikel festgelegten Bedingungen,<\/li>\n<li>(e) und Aufforderung zur Mitteilung der gem\u00e4\u00df Buchstabe f get\u00e4tigten Transaktionen an Dritte, an die personenbezogene Daten \u00fcbermittelt wurden,<\/li>\n<li>Widerspruch gegen die Entstehung eines Ergebnisses gegen die Person selbst durch Auswertung der verarbeiteten Daten ausschlie\u00dflich durch automatisierte Systeme,<\/li>\n<li>F\u00fcr den Fall, dass personenbezogene Daten durch unrechtm\u00e4\u00dfige Verarbeitung besch\u00e4digt werden, hat sie das Recht, den Schadenersatz zu verlangen.<\/li>\n<\/ol>\n<p><\/p>\n<p>KVKKs 13. 1 des Artikels. Sie k\u00f6nnen Ihren Antrag bez\u00fcglich der Aus\u00fcbung Ihrer oben genannten Rechte schriftlich oder auf andere Weise, die von der Datenschutzbeh\u00f6rde festgelegt wird, an unser Unternehmen richten. Da die Datenschutzbeh\u00f6rde zu diesem Zeitpunkt noch keine Methode festgelegt hat, m\u00fcssen Sie Ihren Antrag gem\u00e4\u00df KVKK schriftlich bei unserem Unternehmen einreichen. In diesem Zusammenhang unterliegt unser Unternehmen der 11. Novelle der KVKK. Im Folgenden werden die Kan\u00e4le und Verfahren erl\u00e4utert, \u00fcber die Sie Ihre Bewerbung im Rahmen des Artikels schriftlich einreichen.<\/p>\n<p><\/p>\n<p>Um Ihre oben genannten Rechte auszu\u00fcben und Sie mit den erforderlichen Informationen zu identifizieren und den Artikel 11 der KVKK einzuhalten. Sie k\u00f6nnen Ihre Anfrage, die Ihre Erkl\u00e4rungen zu Ihrem Recht enth\u00e4lt, das Sie aus den im Artikel genannten Rechten geltend machen m\u00f6chten, klar und verst\u00e4ndlich senden, indem Sie die Dokumente zur Identifizierung Ihrer Identit\u00e4t und Adressdaten schriftlich und mit nasser Unterschrift beif\u00fcgen , per Hand, per Post oder durch einen Notar.<a href=\"mailto:bilgiguvenligi@tirsankardan.com.tr\" target=\"_blank\" rel=\"noreferrer noopener\">Bilgiguvenligi@tirsankardan.<wbr><\/wbr> com.tr<\/a> oder<a href=\"mailto:kvkk@tirsankardan.com.tr\" target=\"_blank\" rel=\"noreferrer noopener\"> kvkk@tirsankardan.com.tr<\/a> Sie m\u00fcssen es an Ihre Adresse senden.<\/p>\n<p><\/p>\n\t\t\t\t\t\t<\/div>\n\t\t\t\t<\/div>\n\t\t\t\t\t<\/div>\n\t\t<\/div>\n\t\t\t\t<div class=\"elementor-column elementor-col-33 elementor-top-column elementor-element elementor-element-b3bce78\" data-id=\"b3bce78\" data-element_type=\"column\">\n\t\t\t<div class=\"elementor-widget-wrap\">\n\t\t\t\t\t\t\t\t\t<\/div>\n\t\t<\/div>\n\t\t\t\t\t\t\t<\/div>\n\t\t<\/section>\n\t\t\t\t<section class=\"elementor-section elementor-top-section elementor-element elementor-element-152c4e7e elementor-section-boxed elementor-section-height-default elementor-section-height-default\" data-id=\"152c4e7e\" data-element_type=\"section\">\n\t\t\t\t\t\t<div class=\"elementor-container elementor-column-gap-default\">\n\t\t\t\t\t<div class=\"elementor-column elementor-col-100 elementor-top-column elementor-element elementor-element-3ca62885\" data-id=\"3ca62885\" data-element_type=\"column\">\n\t\t\t<div class=\"elementor-widget-wrap elementor-element-populated\">\n\t\t\t\t\t\t\t\t<div class=\"elementor-element elementor-element-d66728e elementor-widget elementor-widget-spacer\" data-id=\"d66728e\" data-element_type=\"widget\" data-widget_type=\"spacer.default\">\n\t\t\t\t<div class=\"elementor-widget-container\">\n\t\t\t\t\t<div class=\"elementor-spacer\">\n\t\t\t<div class=\"elementor-spacer-inner\"><\/div>\n\t\t<\/div>\n\t\t\t\t<\/div>\n\t\t\t\t<\/div>\n\t\t\t\t\t<\/div>\n\t\t<\/div>\n\t\t\t\t\t\t\t<\/div>\n\t\t<\/section>\n\t\t\t\t\t\t<\/div>\n\t\t\t\t\t<\/div>\n\t\t","protected":false},"excerpt":{"rendered":"<p>GESETZ ZUM SCHUTZ PERSONENBEZOGENER DATEN AUFKL\u00c4RUNHSTEXT Als T\u0130RSAN KARDAN zeigen wir maximale Sensibilit\u00e4t f\u00fcr die Sicherheit Ihrer pers\u00f6nlichen&#8230;<\/p>\n","protected":false},"author":10,"featured_media":0,"parent":0,"menu_order":0,"comment_status":"closed","ping_status":"closed","template":"elementor_header_footer","meta":{"_acf_changed":false,"footnotes":""},"class_list":["post-5174","page","type-page","status-publish","hentry"],"acf":[],"yoast_head":"<!-- This site is optimized with the Yoast SEO plugin v27.4 - https:\/\/yoast.com\/product\/yoast-seo-wordpress\/ -->\n<title>Gesetz Zum Schutz Personenbezogener Daten Aufkl\u00e4runhstext - Tirsan Kardan<\/title>\n<meta name=\"description\" content=\"Als T\u0130RSAN KARDAN zeigen wir maximale Sensibilit\u00e4t f\u00fcr die Sicherheit Ihrer pers\u00f6nlichen Daten.\" \/>\n<meta name=\"robots\" content=\"index, follow, max-snippet:-1, max-image-preview:large, max-video-preview:-1\" \/>\n<link rel=\"canonical\" href=\"https:\/\/tirsankardan.com\/de\/gesetz-zum-schutz-personenbezogener-daten-aufklaerunhstext\/\" \/>\n<meta property=\"og:locale\" content=\"de_DE\" \/>\n<meta property=\"og:type\" content=\"article\" \/>\n<meta property=\"og:title\" content=\"Gesetz Zum Schutz Personenbezogener Daten Aufkl\u00e4runhstext - Tirsan Kardan\" \/>\n<meta property=\"og:description\" content=\"Als T\u0130RSAN KARDAN zeigen wir maximale Sensibilit\u00e4t f\u00fcr die Sicherheit Ihrer pers\u00f6nlichen Daten.\" \/>\n<meta property=\"og:url\" content=\"https:\/\/tirsankardan.com\/de\/gesetz-zum-schutz-personenbezogener-daten-aufklaerunhstext\/\" \/>\n<meta property=\"og:site_name\" content=\"Tirsan Kardan\" \/>\n<meta property=\"article:modified_time\" content=\"2021-10-18T13:59:15+00:00\" \/>\n<meta name=\"twitter:card\" content=\"summary_large_image\" \/>\n<meta name=\"twitter:label1\" content=\"Gesch\u00e4tzte Lesezeit\" \/>\n\t<meta name=\"twitter:data1\" content=\"5\u00a0Minuten\" \/>\n<script type=\"application\/ld+json\" class=\"yoast-schema-graph\">{\"@context\":\"https:\\\/\\\/schema.org\",\"@graph\":[{\"@type\":\"WebPage\",\"@id\":\"https:\\\/\\\/tirsankardan.com\\\/de\\\/gesetz-zum-schutz-personenbezogener-daten-aufklaerunhstext\\\/\",\"url\":\"https:\\\/\\\/tirsankardan.com\\\/de\\\/gesetz-zum-schutz-personenbezogener-daten-aufklaerunhstext\\\/\",\"name\":\"Gesetz Zum Schutz Personenbezogener Daten Aufkl\u00e4runhstext - Tirsan Kardan\",\"isPartOf\":{\"@id\":\"https:\\\/\\\/tirsankardan.com\\\/de\\\/#website\"},\"datePublished\":\"2021-10-14T08:45:49+00:00\",\"dateModified\":\"2021-10-18T13:59:15+00:00\",\"description\":\"Als T\u0130RSAN KARDAN zeigen wir maximale Sensibilit\u00e4t f\u00fcr die Sicherheit Ihrer pers\u00f6nlichen Daten.\",\"breadcrumb\":{\"@id\":\"https:\\\/\\\/tirsankardan.com\\\/de\\\/gesetz-zum-schutz-personenbezogener-daten-aufklaerunhstext\\\/#breadcrumb\"},\"inLanguage\":\"de\",\"potentialAction\":[{\"@type\":\"ReadAction\",\"target\":[\"https:\\\/\\\/tirsankardan.com\\\/de\\\/gesetz-zum-schutz-personenbezogener-daten-aufklaerunhstext\\\/\"]}]},{\"@type\":\"BreadcrumbList\",\"@id\":\"https:\\\/\\\/tirsankardan.com\\\/de\\\/gesetz-zum-schutz-personenbezogener-daten-aufklaerunhstext\\\/#breadcrumb\",\"itemListElement\":[{\"@type\":\"ListItem\",\"position\":1,\"name\":\"Anasayfa\",\"item\":\"https:\\\/\\\/tirsankardan.com\\\/de\\\/\"},{\"@type\":\"ListItem\",\"position\":2,\"name\":\"Gesetz Zum Schutz Personenbezogener Daten Aufkl\u00e4runhstext\"}]},{\"@type\":\"WebSite\",\"@id\":\"https:\\\/\\\/tirsankardan.com\\\/de\\\/#website\",\"url\":\"https:\\\/\\\/tirsankardan.com\\\/de\\\/\",\"name\":\"Tirsan Kardan\",\"description\":\"\",\"publisher\":{\"@id\":\"https:\\\/\\\/tirsankardan.com\\\/de\\\/#organization\"},\"potentialAction\":[{\"@type\":\"SearchAction\",\"target\":{\"@type\":\"EntryPoint\",\"urlTemplate\":\"https:\\\/\\\/tirsankardan.com\\\/de\\\/?s={search_term_string}\"},\"query-input\":{\"@type\":\"PropertyValueSpecification\",\"valueRequired\":true,\"valueName\":\"search_term_string\"}}],\"inLanguage\":\"de\"},{\"@type\":\"Organization\",\"@id\":\"https:\\\/\\\/tirsankardan.com\\\/de\\\/#organization\",\"name\":\"Tirsan Kardan A\u015e\",\"url\":\"https:\\\/\\\/tirsankardan.com\\\/de\\\/\",\"logo\":{\"@type\":\"ImageObject\",\"inLanguage\":\"de\",\"@id\":\"https:\\\/\\\/tirsankardan.com\\\/de\\\/#\\\/schema\\\/logo\\\/image\\\/\",\"url\":\"https:\\\/\\\/tirsankardan.com\\\/wp-content\\\/uploads\\\/2018\\\/07\\\/logo.png\",\"contentUrl\":\"https:\\\/\\\/tirsankardan.com\\\/wp-content\\\/uploads\\\/2018\\\/07\\\/logo.png\",\"width\":314,\"height\":69,\"caption\":\"Tirsan Kardan A\u015e\"},\"image\":{\"@id\":\"https:\\\/\\\/tirsankardan.com\\\/de\\\/#\\\/schema\\\/logo\\\/image\\\/\"}}]}<\/script>\n<!-- \/ Yoast SEO plugin. -->","yoast_head_json":{"title":"Gesetz Zum Schutz Personenbezogener Daten Aufkl\u00e4runhstext - Tirsan Kardan","description":"Als T\u0130RSAN KARDAN zeigen wir maximale Sensibilit\u00e4t f\u00fcr die Sicherheit Ihrer pers\u00f6nlichen Daten.","robots":{"index":"index","follow":"follow","max-snippet":"max-snippet:-1","max-image-preview":"max-image-preview:large","max-video-preview":"max-video-preview:-1"},"canonical":"https:\/\/tirsankardan.com\/de\/gesetz-zum-schutz-personenbezogener-daten-aufklaerunhstext\/","og_locale":"de_DE","og_type":"article","og_title":"Gesetz Zum Schutz Personenbezogener Daten Aufkl\u00e4runhstext - Tirsan Kardan","og_description":"Als T\u0130RSAN KARDAN zeigen wir maximale Sensibilit\u00e4t f\u00fcr die Sicherheit Ihrer pers\u00f6nlichen Daten.","og_url":"https:\/\/tirsankardan.com\/de\/gesetz-zum-schutz-personenbezogener-daten-aufklaerunhstext\/","og_site_name":"Tirsan Kardan","article_modified_time":"2021-10-18T13:59:15+00:00","twitter_card":"summary_large_image","twitter_misc":{"Gesch\u00e4tzte Lesezeit":"5\u00a0Minuten"},"schema":{"@context":"https:\/\/schema.org","@graph":[{"@type":"WebPage","@id":"https:\/\/tirsankardan.com\/de\/gesetz-zum-schutz-personenbezogener-daten-aufklaerunhstext\/","url":"https:\/\/tirsankardan.com\/de\/gesetz-zum-schutz-personenbezogener-daten-aufklaerunhstext\/","name":"Gesetz Zum Schutz Personenbezogener Daten Aufkl\u00e4runhstext - Tirsan Kardan","isPartOf":{"@id":"https:\/\/tirsankardan.com\/de\/#website"},"datePublished":"2021-10-14T08:45:49+00:00","dateModified":"2021-10-18T13:59:15+00:00","description":"Als T\u0130RSAN KARDAN zeigen wir maximale Sensibilit\u00e4t f\u00fcr die Sicherheit Ihrer pers\u00f6nlichen Daten.","breadcrumb":{"@id":"https:\/\/tirsankardan.com\/de\/gesetz-zum-schutz-personenbezogener-daten-aufklaerunhstext\/#breadcrumb"},"inLanguage":"de","potentialAction":[{"@type":"ReadAction","target":["https:\/\/tirsankardan.com\/de\/gesetz-zum-schutz-personenbezogener-daten-aufklaerunhstext\/"]}]},{"@type":"BreadcrumbList","@id":"https:\/\/tirsankardan.com\/de\/gesetz-zum-schutz-personenbezogener-daten-aufklaerunhstext\/#breadcrumb","itemListElement":[{"@type":"ListItem","position":1,"name":"Anasayfa","item":"https:\/\/tirsankardan.com\/de\/"},{"@type":"ListItem","position":2,"name":"Gesetz Zum Schutz Personenbezogener Daten Aufkl\u00e4runhstext"}]},{"@type":"WebSite","@id":"https:\/\/tirsankardan.com\/de\/#website","url":"https:\/\/tirsankardan.com\/de\/","name":"Tirsan Kardan","description":"","publisher":{"@id":"https:\/\/tirsankardan.com\/de\/#organization"},"potentialAction":[{"@type":"SearchAction","target":{"@type":"EntryPoint","urlTemplate":"https:\/\/tirsankardan.com\/de\/?s={search_term_string}"},"query-input":{"@type":"PropertyValueSpecification","valueRequired":true,"valueName":"search_term_string"}}],"inLanguage":"de"},{"@type":"Organization","@id":"https:\/\/tirsankardan.com\/de\/#organization","name":"Tirsan Kardan A\u015e","url":"https:\/\/tirsankardan.com\/de\/","logo":{"@type":"ImageObject","inLanguage":"de","@id":"https:\/\/tirsankardan.com\/de\/#\/schema\/logo\/image\/","url":"https:\/\/tirsankardan.com\/wp-content\/uploads\/2018\/07\/logo.png","contentUrl":"https:\/\/tirsankardan.com\/wp-content\/uploads\/2018\/07\/logo.png","width":314,"height":69,"caption":"Tirsan Kardan A\u015e"},"image":{"@id":"https:\/\/tirsankardan.com\/de\/#\/schema\/logo\/image\/"}}]}},"_links":{"self":[{"href":"https:\/\/tirsankardan.com\/de\/wp-json\/wp\/v2\/pages\/5174","targetHints":{"allow":["GET"]}}],"collection":[{"href":"https:\/\/tirsankardan.com\/de\/wp-json\/wp\/v2\/pages"}],"about":[{"href":"https:\/\/tirsankardan.com\/de\/wp-json\/wp\/v2\/types\/page"}],"author":[{"embeddable":true,"href":"https:\/\/tirsankardan.com\/de\/wp-json\/wp\/v2\/users\/10"}],"replies":[{"embeddable":true,"href":"https:\/\/tirsankardan.com\/de\/wp-json\/wp\/v2\/comments?post=5174"}],"version-history":[{"count":4,"href":"https:\/\/tirsankardan.com\/de\/wp-json\/wp\/v2\/pages\/5174\/revisions"}],"predecessor-version":[{"id":5419,"href":"https:\/\/tirsankardan.com\/de\/wp-json\/wp\/v2\/pages\/5174\/revisions\/5419"}],"wp:attachment":[{"href":"https:\/\/tirsankardan.com\/de\/wp-json\/wp\/v2\/media?parent=5174"}],"curies":[{"name":"wp","href":"https:\/\/api.w.org\/{rel}","templated":true}]}}