{"id":11006,"date":"2023-11-01T21:27:37","date_gmt":"2023-11-01T18:27:37","guid":{"rendered":"https:\/\/tirsankardan.com\/unsere-geschichte\/"},"modified":"2024-10-16T16:14:58","modified_gmt":"2024-10-16T13:14:58","slug":"unsere-geschichte","status":"publish","type":"page","link":"https:\/\/tirsankardan.com\/de\/unsere-geschichte\/","title":{"rendered":"Unsere Geschichte"},"content":{"rendered":"\t\t<div data-elementor-type=\"wp-post\" data-elementor-id=\"11006\" class=\"elementor elementor-11006 elementor-8206\" data-elementor-settings=\"[]\">\n\t\t\t\t\t\t\t<div class=\"elementor-section-wrap\">\n\t\t\t\t\t\t\t<section class=\"elementor-section elementor-top-section elementor-element elementor-element-a04cfe4 elementor-section-boxed elementor-section-height-default elementor-section-height-default\" data-id=\"a04cfe4\" data-element_type=\"section\" data-settings=\"{&quot;background_background&quot;:&quot;classic&quot;}\">\n\t\t\t\t\t\t<div class=\"elementor-container elementor-column-gap-default\">\n\t\t\t\t\t<div class=\"elementor-column elementor-col-100 elementor-top-column elementor-element elementor-element-ea67344\" data-id=\"ea67344\" data-element_type=\"column\">\n\t\t\t<div class=\"elementor-widget-wrap elementor-element-populated\">\n\t\t\t\t\t\t\t\t<div class=\"elementor-element elementor-element-7186840 elementor-widget elementor-widget-woocommerce-breadcrumb\" data-id=\"7186840\" data-element_type=\"widget\" data-widget_type=\"woocommerce-breadcrumb.default\">\n\t\t\t\t<div class=\"elementor-widget-container\">\n\t\t\t<nav class=\"woocommerce-breadcrumb\" aria-label=\"Breadcrumb\">Home<\/nav>\t\t<\/div>\n\t\t\t\t<\/div>\n\t\t\t\t\t<\/div>\n\t\t<\/div>\n\t\t\t\t\t\t\t<\/div>\n\t\t<\/section>\n\t\t\t\t<section class=\"elementor-section elementor-top-section elementor-element elementor-element-4ba46bf elementor-section-boxed elementor-section-height-default elementor-section-height-default\" data-id=\"4ba46bf\" data-element_type=\"section\">\n\t\t\t\t\t\t<div class=\"elementor-container elementor-column-gap-default\">\n\t\t\t\t\t<div class=\"elementor-column elementor-col-100 elementor-top-column elementor-element elementor-element-6c0211c\" data-id=\"6c0211c\" data-element_type=\"column\">\n\t\t\t<div class=\"elementor-widget-wrap elementor-element-populated\">\n\t\t\t\t\t\t\t\t<div class=\"elementor-element elementor-element-e15eb6f gd-timeline elementor-widget elementor-widget-timeline-widget-addon\" data-id=\"e15eb6f\" data-element_type=\"widget\" data-widget_type=\"timeline-widget-addon.default\">\n\t\t\t\t<div class=\"elementor-widget-container\">\n\t\t\t<!-- ========= Timeline Widget Addon For Elementor 1.6.24 ========= -->\n<div id=\"twae-wrapper-e15eb6f\" class=\"twae-vertical twae-wrapper  twae-both-sided\">   \n    <div class=\"twae-start\"><\/div>    \n    <div id=\"twea-timeline-e15eb6f\" class=\"twae-timeline\" ><!-- Start of Story Repeater Content --><div id=\"story-9416ebc\" class=\"twae-story twae-repeater-item twae-story-right twae-story-no-icon\"><!-- Story Label --><div class=\"twae-labels\"><div class=\"twae-label-big\">1957<\/div><\/div><!-- Story Icon --><div class=\"twae-icon\"><i aria-hidden=\"true\" class=\"far fa-clock\"><\/i><\/div><!-- Story Arrow --><div class=\"twae-arrow\"><\/div><!-- Start of Story Content --><div class=\"twae-content\"><!-- Story Image --><div class=\"twae-media large\"><img decoding=\"async\" width=\"360\" height=\"175\" data-src=\"https:\/\/tirsankardan.com\/wp-content\/uploads\/2023\/01\/IMAGE-8.png\" class=\"attachment-large size-large lazyload\" alt=\"\" data-srcset=\"https:\/\/tirsankardan.com\/wp-content\/uploads\/2023\/01\/IMAGE-8.png 360w, https:\/\/tirsankardan.com\/wp-content\/uploads\/2023\/01\/IMAGE-8-300x146.png 300w, https:\/\/tirsankardan.com\/wp-content\/uploads\/2023\/01\/IMAGE-8-285x139.png 285w, https:\/\/tirsankardan.com\/wp-content\/uploads\/2023\/01\/IMAGE-8-150x73.png 150w\" data-sizes=\"(max-width: 360px) 100vw, 360px\" src=\"data:image\/svg+xml;base64,PHN2ZyB3aWR0aD0iMSIgaGVpZ2h0PSIxIiB4bWxucz0iaHR0cDovL3d3dy53My5vcmcvMjAwMC9zdmciPjwvc3ZnPg==\" style=\"--smush-placeholder-width: 360px; --smush-placeholder-aspect-ratio: 360\/175;\" \/><\/div><!-- Story Description --><div class=\"twae-description\"><p>\u0130smail Tiryaki gr\u00fcndete sein erstes Ersatzteilgesch\u00e4ft in \u00c7ankaya, \u0130zmir, unter dem Namen \u201e\u0130smail Tiryaki Ticarethane\u201c auf einer Fl\u00e4che von 60 m2.<\/p>\n<\/div><\/div><\/div><!-- Start of Story Repeater Content --><div id=\"story-118bfc4\" class=\"twae-story twae-repeater-item twae-story-left twae-story-no-icon\"><!-- Story Label --><div class=\"twae-labels\"><div class=\"twae-label-big\">1970<\/div><\/div><!-- Story Icon --><div class=\"twae-icon\"><i aria-hidden=\"true\" class=\"far fa-clock\"><\/i><\/div><!-- Story Arrow --><div class=\"twae-arrow\"><\/div><!-- Start of Story Content --><div class=\"twae-content\"><!-- Story Image --><div class=\"twae-media large\"><img decoding=\"async\" width=\"360\" height=\"175\" data-src=\"https:\/\/tirsankardan.com\/wp-content\/uploads\/2023\/01\/IMAGE-9.png\" class=\"attachment-large size-large lazyload\" alt=\"\" data-srcset=\"https:\/\/tirsankardan.com\/wp-content\/uploads\/2023\/01\/IMAGE-9.png 360w, https:\/\/tirsankardan.com\/wp-content\/uploads\/2023\/01\/IMAGE-9-300x146.png 300w, https:\/\/tirsankardan.com\/wp-content\/uploads\/2023\/01\/IMAGE-9-285x139.png 285w, https:\/\/tirsankardan.com\/wp-content\/uploads\/2023\/01\/IMAGE-9-150x73.png 150w\" data-sizes=\"(max-width: 360px) 100vw, 360px\" src=\"data:image\/svg+xml;base64,PHN2ZyB3aWR0aD0iMSIgaGVpZ2h0PSIxIiB4bWxucz0iaHR0cDovL3d3dy53My5vcmcvMjAwMC9zdmciPjwvc3ZnPg==\" style=\"--smush-placeholder-width: 360px; --smush-placeholder-aspect-ratio: 360\/175;\" \/><\/div><!-- Story Description --><div class=\"twae-description\"><p>Die erste Produktionsst\u00e4tte wurde in Izmir gegr\u00fcndet.<\/p>\n<\/div><\/div><\/div><!-- Start of Story Repeater Content --><div id=\"story-93a7eac\" class=\"twae-story twae-repeater-item twae-story-right twae-story-no-icon\"><!-- Story Label --><div class=\"twae-labels\"><div class=\"twae-label-big\">1978<\/div><\/div><!-- Story Icon --><div class=\"twae-icon\"><i aria-hidden=\"true\" class=\"far fa-clock\"><\/i><\/div><!-- Story Arrow --><div class=\"twae-arrow\"><\/div><!-- Start of Story Content --><div class=\"twae-content\"><!-- Story Image --><div class=\"twae-media large\"><img decoding=\"async\" width=\"360\" height=\"175\" data-src=\"https:\/\/tirsankardan.com\/wp-content\/uploads\/2023\/01\/IMAGE-10.png\" class=\"attachment-large size-large lazyload\" alt=\"\" data-srcset=\"https:\/\/tirsankardan.com\/wp-content\/uploads\/2023\/01\/IMAGE-10.png 360w, https:\/\/tirsankardan.com\/wp-content\/uploads\/2023\/01\/IMAGE-10-300x146.png 300w, https:\/\/tirsankardan.com\/wp-content\/uploads\/2023\/01\/IMAGE-10-285x139.png 285w, https:\/\/tirsankardan.com\/wp-content\/uploads\/2023\/01\/IMAGE-10-150x73.png 150w\" data-sizes=\"(max-width: 360px) 100vw, 360px\" src=\"data:image\/svg+xml;base64,PHN2ZyB3aWR0aD0iMSIgaGVpZ2h0PSIxIiB4bWxucz0iaHR0cDovL3d3dy53My5vcmcvMjAwMC9zdmciPjwvc3ZnPg==\" style=\"--smush-placeholder-width: 360px; --smush-placeholder-aspect-ratio: 360\/175;\" \/><\/div><!-- Story Description --><div class=\"twae-description\"><p>In Manisa wurde eine Produktionsst\u00e4tte errichtet. \u2013 Tirsan I<\/p>\n<\/div><\/div><\/div><!-- Start of Story Repeater Content --><div id=\"story-e67f45b\" class=\"twae-story twae-repeater-item twae-story-left twae-story-no-icon\"><!-- Story Label --><div class=\"twae-labels\"><div class=\"twae-label-big\">1980<\/div><\/div><!-- Story Icon --><div class=\"twae-icon\"><i aria-hidden=\"true\" class=\"far fa-clock\"><\/i><\/div><!-- Story Arrow --><div class=\"twae-arrow\"><\/div><!-- Start of Story Content --><div class=\"twae-content\"><!-- Story Image --><div class=\"twae-media large\"><img decoding=\"async\" width=\"360\" height=\"175\" data-src=\"https:\/\/tirsankardan.com\/wp-content\/uploads\/2023\/01\/IMAGE-11.png\" class=\"attachment-large size-large lazyload\" alt=\"\" data-srcset=\"https:\/\/tirsankardan.com\/wp-content\/uploads\/2023\/01\/IMAGE-11.png 360w, https:\/\/tirsankardan.com\/wp-content\/uploads\/2023\/01\/IMAGE-11-300x146.png 300w, https:\/\/tirsankardan.com\/wp-content\/uploads\/2023\/01\/IMAGE-11-285x139.png 285w, https:\/\/tirsankardan.com\/wp-content\/uploads\/2023\/01\/IMAGE-11-150x73.png 150w\" data-sizes=\"(max-width: 360px) 100vw, 360px\" src=\"data:image\/svg+xml;base64,PHN2ZyB3aWR0aD0iMSIgaGVpZ2h0PSIxIiB4bWxucz0iaHR0cDovL3d3dy53My5vcmcvMjAwMC9zdmciPjwvc3ZnPg==\" style=\"--smush-placeholder-width: 360px; --smush-placeholder-aspect-ratio: 360\/175;\" \/><\/div><!-- Story Description --><div class=\"twae-description\"><p>In Manisa wurde eine Wellenproduktionsanlage er\u00f6ffnet.<\/p>\n<\/div><\/div><\/div><!-- Start of Story Repeater Content --><div id=\"story-17bef97\" class=\"twae-story twae-repeater-item twae-story-right twae-story-no-icon\"><!-- Story Label --><div class=\"twae-labels\"><div class=\"twae-label-big\">2000<\/div><\/div><!-- Story Icon --><div class=\"twae-icon\"><i aria-hidden=\"true\" class=\"far fa-clock\"><\/i><\/div><!-- Story Arrow --><div class=\"twae-arrow\"><\/div><!-- Start of Story Content --><div class=\"twae-content\"><!-- Story Image --><div class=\"twae-media large\"><img decoding=\"async\" width=\"360\" height=\"175\" data-src=\"https:\/\/tirsankardan.com\/wp-content\/uploads\/2023\/01\/IMAGE-12.png\" class=\"attachment-large size-large lazyload\" alt=\"\" data-srcset=\"https:\/\/tirsankardan.com\/wp-content\/uploads\/2023\/01\/IMAGE-12.png 360w, https:\/\/tirsankardan.com\/wp-content\/uploads\/2023\/01\/IMAGE-12-300x146.png 300w, https:\/\/tirsankardan.com\/wp-content\/uploads\/2023\/01\/IMAGE-12-285x139.png 285w, https:\/\/tirsankardan.com\/wp-content\/uploads\/2023\/01\/IMAGE-12-150x73.png 150w\" data-sizes=\"(max-width: 360px) 100vw, 360px\" src=\"data:image\/svg+xml;base64,PHN2ZyB3aWR0aD0iMSIgaGVpZ2h0PSIxIiB4bWxucz0iaHR0cDovL3d3dy53My5vcmcvMjAwMC9zdmciPjwvc3ZnPg==\" style=\"--smush-placeholder-width: 360px; --smush-placeholder-aspect-ratio: 360\/175;\" \/><\/div><!-- Story Description --><div class=\"twae-description\"><p>Die zweite Produktionsst\u00e4tte wurde in Manisa gegr\u00fcndet. \u2013 Tirsan II<\/p>\n<\/div><\/div><\/div><!-- Start of Story Repeater Content --><div id=\"story-6e406f4\" class=\"twae-story twae-repeater-item twae-story-left twae-story-no-icon\"><!-- Story Label --><div class=\"twae-labels\"><div class=\"twae-label-big\">2019<\/div><\/div><!-- Story Icon --><div class=\"twae-icon\"><i aria-hidden=\"true\" class=\"far fa-clock\"><\/i><\/div><!-- Story Arrow --><div class=\"twae-arrow\"><\/div><!-- Start of Story Content --><div class=\"twae-content\"><!-- Story Image --><div class=\"twae-media large\"><img decoding=\"async\" width=\"360\" height=\"175\" data-src=\"https:\/\/tirsankardan.com\/wp-content\/uploads\/2023\/01\/IMAGE-14.png\" class=\"attachment-large size-large lazyload\" alt=\"\" data-srcset=\"https:\/\/tirsankardan.com\/wp-content\/uploads\/2023\/01\/IMAGE-14.png 360w, https:\/\/tirsankardan.com\/wp-content\/uploads\/2023\/01\/IMAGE-14-300x146.png 300w, https:\/\/tirsankardan.com\/wp-content\/uploads\/2023\/01\/IMAGE-14-285x139.png 285w, https:\/\/tirsankardan.com\/wp-content\/uploads\/2023\/01\/IMAGE-14-150x73.png 150w\" data-sizes=\"(max-width: 360px) 100vw, 360px\" src=\"data:image\/svg+xml;base64,PHN2ZyB3aWR0aD0iMSIgaGVpZ2h0PSIxIiB4bWxucz0iaHR0cDovL3d3dy53My5vcmcvMjAwMC9zdmciPjwvc3ZnPg==\" style=\"--smush-placeholder-width: 360px; --smush-placeholder-aspect-ratio: 360\/175;\" \/><\/div><!-- Story Description --><div class=\"twae-description\"><p>In Italien wurde eine Produktionsst\u00e4tte gegr\u00fcndet.<\/p>\n<\/div><\/div><\/div><!-- Start of Story Repeater Content --><div id=\"story-2086a1c\" class=\"twae-story twae-repeater-item twae-story-right twae-story-no-icon\"><!-- Story Label --><div class=\"twae-labels\"><div class=\"twae-label-big\">2019<\/div><\/div><!-- Story Icon --><div class=\"twae-icon\"><i aria-hidden=\"true\" class=\"far fa-clock\"><\/i><\/div><!-- Story Arrow --><div class=\"twae-arrow\"><\/div><!-- Start of Story Content --><div class=\"twae-content\"><!-- Story Image --><div class=\"twae-media large\"><img decoding=\"async\" width=\"360\" height=\"175\" data-src=\"https:\/\/tirsankardan.com\/wp-content\/uploads\/2023\/01\/IMAGE-15.png\" class=\"attachment-large size-large lazyload\" alt=\"\" data-srcset=\"https:\/\/tirsankardan.com\/wp-content\/uploads\/2023\/01\/IMAGE-15.png 360w, https:\/\/tirsankardan.com\/wp-content\/uploads\/2023\/01\/IMAGE-15-300x146.png 300w, https:\/\/tirsankardan.com\/wp-content\/uploads\/2023\/01\/IMAGE-15-285x139.png 285w, https:\/\/tirsankardan.com\/wp-content\/uploads\/2023\/01\/IMAGE-15-150x73.png 150w\" data-sizes=\"(max-width: 360px) 100vw, 360px\" src=\"data:image\/svg+xml;base64,PHN2ZyB3aWR0aD0iMSIgaGVpZ2h0PSIxIiB4bWxucz0iaHR0cDovL3d3dy53My5vcmcvMjAwMC9zdmciPjwvc3ZnPg==\" style=\"--smush-placeholder-width: 360px; --smush-placeholder-aspect-ratio: 360\/175;\" \/><\/div><!-- Story Description --><div class=\"twae-description\"><p>Die dritte Produktionsst\u00e4tte wurde in Manisa gegr\u00fcndet. \u2013 Tirsan-Campus<\/p>\n<\/div><\/div><\/div><\/div>\n    <div class=\"twae-end\"><\/div>\n    <\/div>\t\t<\/div>\n\t\t\t\t<\/div>\n\t\t\t\t\t<\/div>\n\t\t<\/div>\n\t\t\t\t\t\t\t<\/div>\n\t\t<\/section>\n\t\t\t\t\t\t<\/div>\n\t\t\t\t\t<\/div>\n\t\t","protected":false},"excerpt":{"rendered":"<p>1957 \u0130smail Tiryaki gr\u00fcndete sein erstes Ersatzteilgesch\u00e4ft in \u00c7ankaya, \u0130zmir, unter dem Namen \u201e\u0130smail Tiryaki Ticarethane\u201c auf einer&#8230;<\/p>\n","protected":false},"author":10,"featured_media":0,"parent":0,"menu_order":0,"comment_status":"closed","ping_status":"closed","template":"","meta":{"_acf_changed":false,"footnotes":""},"class_list":["post-11006","page","type-page","status-publish","hentry"],"acf":[],"yoast_head":"<!-- This site is optimized with the Yoast SEO plugin v27.4 - https:\/\/yoast.com\/product\/yoast-seo-wordpress\/ -->\n<title>Unsere Geschichte - Tirsan Kardan<\/title>\n<meta name=\"description\" content=\"Tirsan Kardan ist ein Unternehmen der Tiryakiler Group of Companies. Die Tiryakiler Unternehmensgruppe ist ein institutionalisiertes Familienunternehmen und alle ihre Anteile befinden sich im Besitz der Familie Tiryaki.\" \/>\n<meta name=\"robots\" content=\"index, follow, max-snippet:-1, max-image-preview:large, max-video-preview:-1\" \/>\n<link rel=\"canonical\" href=\"https:\/\/tirsankardan.com\/de\/unsere-geschichte\/\" \/>\n<meta property=\"og:locale\" content=\"de_DE\" \/>\n<meta property=\"og:type\" content=\"article\" \/>\n<meta property=\"og:title\" content=\"Unsere Geschichte - Tirsan Kardan\" \/>\n<meta property=\"og:description\" content=\"Tirsan Kardan ist ein Unternehmen der Tiryakiler Group of Companies. Die Tiryakiler Unternehmensgruppe ist ein institutionalisiertes Familienunternehmen und alle ihre Anteile befinden sich im Besitz der Familie Tiryaki.\" \/>\n<meta property=\"og:url\" content=\"https:\/\/tirsankardan.com\/de\/unsere-geschichte\/\" \/>\n<meta property=\"og:site_name\" content=\"Tirsan Kardan\" \/>\n<meta property=\"article:modified_time\" content=\"2024-10-16T13:14:58+00:00\" \/>\n<meta property=\"og:image\" content=\"https:\/\/tirsankardan.com\/wp-content\/uploads\/2023\/01\/IMAGE-8.png\" \/>\n<meta name=\"twitter:card\" content=\"summary_large_image\" \/>\n<script type=\"application\/ld+json\" class=\"yoast-schema-graph\">{\"@context\":\"https:\\\/\\\/schema.org\",\"@graph\":[{\"@type\":\"WebPage\",\"@id\":\"https:\\\/\\\/tirsankardan.com\\\/de\\\/unsere-geschichte\\\/\",\"url\":\"https:\\\/\\\/tirsankardan.com\\\/de\\\/unsere-geschichte\\\/\",\"name\":\"Unsere Geschichte - Tirsan Kardan\",\"isPartOf\":{\"@id\":\"https:\\\/\\\/tirsankardan.com\\\/de\\\/#website\"},\"primaryImageOfPage\":{\"@id\":\"https:\\\/\\\/tirsankardan.com\\\/de\\\/unsere-geschichte\\\/#primaryimage\"},\"image\":{\"@id\":\"https:\\\/\\\/tirsankardan.com\\\/de\\\/unsere-geschichte\\\/#primaryimage\"},\"thumbnailUrl\":\"https:\\\/\\\/tirsankardan.com\\\/wp-content\\\/uploads\\\/2023\\\/01\\\/IMAGE-8.png\",\"datePublished\":\"2023-11-01T18:27:37+00:00\",\"dateModified\":\"2024-10-16T13:14:58+00:00\",\"description\":\"Tirsan Kardan ist ein Unternehmen der Tiryakiler Group of Companies. Die Tiryakiler Unternehmensgruppe ist ein institutionalisiertes Familienunternehmen und alle ihre Anteile befinden sich im Besitz der Familie Tiryaki.\",\"breadcrumb\":{\"@id\":\"https:\\\/\\\/tirsankardan.com\\\/de\\\/unsere-geschichte\\\/#breadcrumb\"},\"inLanguage\":\"de\",\"potentialAction\":[{\"@type\":\"ReadAction\",\"target\":[\"https:\\\/\\\/tirsankardan.com\\\/de\\\/unsere-geschichte\\\/\"]}]},{\"@type\":\"ImageObject\",\"inLanguage\":\"de\",\"@id\":\"https:\\\/\\\/tirsankardan.com\\\/de\\\/unsere-geschichte\\\/#primaryimage\",\"url\":\"https:\\\/\\\/tirsankardan.com\\\/wp-content\\\/uploads\\\/2023\\\/01\\\/IMAGE-8.png\",\"contentUrl\":\"https:\\\/\\\/tirsankardan.com\\\/wp-content\\\/uploads\\\/2023\\\/01\\\/IMAGE-8.png\"},{\"@type\":\"BreadcrumbList\",\"@id\":\"https:\\\/\\\/tirsankardan.com\\\/de\\\/unsere-geschichte\\\/#breadcrumb\",\"itemListElement\":[{\"@type\":\"ListItem\",\"position\":1,\"name\":\"Anasayfa\",\"item\":\"https:\\\/\\\/tirsankardan.com\\\/de\\\/\"},{\"@type\":\"ListItem\",\"position\":2,\"name\":\"Unsere Geschichte\"}]},{\"@type\":\"WebSite\",\"@id\":\"https:\\\/\\\/tirsankardan.com\\\/de\\\/#website\",\"url\":\"https:\\\/\\\/tirsankardan.com\\\/de\\\/\",\"name\":\"Tirsan Kardan\",\"description\":\"\",\"publisher\":{\"@id\":\"https:\\\/\\\/tirsankardan.com\\\/de\\\/#organization\"},\"potentialAction\":[{\"@type\":\"SearchAction\",\"target\":{\"@type\":\"EntryPoint\",\"urlTemplate\":\"https:\\\/\\\/tirsankardan.com\\\/de\\\/?s={search_term_string}\"},\"query-input\":{\"@type\":\"PropertyValueSpecification\",\"valueRequired\":true,\"valueName\":\"search_term_string\"}}],\"inLanguage\":\"de\"},{\"@type\":\"Organization\",\"@id\":\"https:\\\/\\\/tirsankardan.com\\\/de\\\/#organization\",\"name\":\"Tirsan Kardan A\u015e\",\"url\":\"https:\\\/\\\/tirsankardan.com\\\/de\\\/\",\"logo\":{\"@type\":\"ImageObject\",\"inLanguage\":\"de\",\"@id\":\"https:\\\/\\\/tirsankardan.com\\\/de\\\/#\\\/schema\\\/logo\\\/image\\\/\",\"url\":\"https:\\\/\\\/tirsankardan.com\\\/wp-content\\\/uploads\\\/2018\\\/07\\\/logo.png\",\"contentUrl\":\"https:\\\/\\\/tirsankardan.com\\\/wp-content\\\/uploads\\\/2018\\\/07\\\/logo.png\",\"width\":314,\"height\":69,\"caption\":\"Tirsan Kardan A\u015e\"},\"image\":{\"@id\":\"https:\\\/\\\/tirsankardan.com\\\/de\\\/#\\\/schema\\\/logo\\\/image\\\/\"}}]}<\/script>\n<!-- \/ Yoast SEO plugin. -->","yoast_head_json":{"title":"Unsere Geschichte - Tirsan Kardan","description":"Tirsan Kardan ist ein Unternehmen der Tiryakiler Group of Companies. Die Tiryakiler Unternehmensgruppe ist ein institutionalisiertes Familienunternehmen und alle ihre Anteile befinden sich im Besitz der Familie Tiryaki.","robots":{"index":"index","follow":"follow","max-snippet":"max-snippet:-1","max-image-preview":"max-image-preview:large","max-video-preview":"max-video-preview:-1"},"canonical":"https:\/\/tirsankardan.com\/de\/unsere-geschichte\/","og_locale":"de_DE","og_type":"article","og_title":"Unsere Geschichte - Tirsan Kardan","og_description":"Tirsan Kardan ist ein Unternehmen der Tiryakiler Group of Companies. Die Tiryakiler Unternehmensgruppe ist ein institutionalisiertes Familienunternehmen und alle ihre Anteile befinden sich im Besitz der Familie Tiryaki.","og_url":"https:\/\/tirsankardan.com\/de\/unsere-geschichte\/","og_site_name":"Tirsan Kardan","article_modified_time":"2024-10-16T13:14:58+00:00","og_image":[{"url":"https:\/\/tirsankardan.com\/wp-content\/uploads\/2023\/01\/IMAGE-8.png","type":"","width":"","height":""}],"twitter_card":"summary_large_image","schema":{"@context":"https:\/\/schema.org","@graph":[{"@type":"WebPage","@id":"https:\/\/tirsankardan.com\/de\/unsere-geschichte\/","url":"https:\/\/tirsankardan.com\/de\/unsere-geschichte\/","name":"Unsere Geschichte - Tirsan Kardan","isPartOf":{"@id":"https:\/\/tirsankardan.com\/de\/#website"},"primaryImageOfPage":{"@id":"https:\/\/tirsankardan.com\/de\/unsere-geschichte\/#primaryimage"},"image":{"@id":"https:\/\/tirsankardan.com\/de\/unsere-geschichte\/#primaryimage"},"thumbnailUrl":"https:\/\/tirsankardan.com\/wp-content\/uploads\/2023\/01\/IMAGE-8.png","datePublished":"2023-11-01T18:27:37+00:00","dateModified":"2024-10-16T13:14:58+00:00","description":"Tirsan Kardan ist ein Unternehmen der Tiryakiler Group of Companies. Die Tiryakiler Unternehmensgruppe ist ein institutionalisiertes Familienunternehmen und alle ihre Anteile befinden sich im Besitz der Familie Tiryaki.","breadcrumb":{"@id":"https:\/\/tirsankardan.com\/de\/unsere-geschichte\/#breadcrumb"},"inLanguage":"de","potentialAction":[{"@type":"ReadAction","target":["https:\/\/tirsankardan.com\/de\/unsere-geschichte\/"]}]},{"@type":"ImageObject","inLanguage":"de","@id":"https:\/\/tirsankardan.com\/de\/unsere-geschichte\/#primaryimage","url":"https:\/\/tirsankardan.com\/wp-content\/uploads\/2023\/01\/IMAGE-8.png","contentUrl":"https:\/\/tirsankardan.com\/wp-content\/uploads\/2023\/01\/IMAGE-8.png"},{"@type":"BreadcrumbList","@id":"https:\/\/tirsankardan.com\/de\/unsere-geschichte\/#breadcrumb","itemListElement":[{"@type":"ListItem","position":1,"name":"Anasayfa","item":"https:\/\/tirsankardan.com\/de\/"},{"@type":"ListItem","position":2,"name":"Unsere Geschichte"}]},{"@type":"WebSite","@id":"https:\/\/tirsankardan.com\/de\/#website","url":"https:\/\/tirsankardan.com\/de\/","name":"Tirsan Kardan","description":"","publisher":{"@id":"https:\/\/tirsankardan.com\/de\/#organization"},"potentialAction":[{"@type":"SearchAction","target":{"@type":"EntryPoint","urlTemplate":"https:\/\/tirsankardan.com\/de\/?s={search_term_string}"},"query-input":{"@type":"PropertyValueSpecification","valueRequired":true,"valueName":"search_term_string"}}],"inLanguage":"de"},{"@type":"Organization","@id":"https:\/\/tirsankardan.com\/de\/#organization","name":"Tirsan Kardan A\u015e","url":"https:\/\/tirsankardan.com\/de\/","logo":{"@type":"ImageObject","inLanguage":"de","@id":"https:\/\/tirsankardan.com\/de\/#\/schema\/logo\/image\/","url":"https:\/\/tirsankardan.com\/wp-content\/uploads\/2018\/07\/logo.png","contentUrl":"https:\/\/tirsankardan.com\/wp-content\/uploads\/2018\/07\/logo.png","width":314,"height":69,"caption":"Tirsan Kardan A\u015e"},"image":{"@id":"https:\/\/tirsankardan.com\/de\/#\/schema\/logo\/image\/"}}]}},"_links":{"self":[{"href":"https:\/\/tirsankardan.com\/de\/wp-json\/wp\/v2\/pages\/11006","targetHints":{"allow":["GET"]}}],"collection":[{"href":"https:\/\/tirsankardan.com\/de\/wp-json\/wp\/v2\/pages"}],"about":[{"href":"https:\/\/tirsankardan.com\/de\/wp-json\/wp\/v2\/types\/page"}],"author":[{"embeddable":true,"href":"https:\/\/tirsankardan.com\/de\/wp-json\/wp\/v2\/users\/10"}],"replies":[{"embeddable":true,"href":"https:\/\/tirsankardan.com\/de\/wp-json\/wp\/v2\/comments?post=11006"}],"version-history":[{"count":4,"href":"https:\/\/tirsankardan.com\/de\/wp-json\/wp\/v2\/pages\/11006\/revisions"}],"predecessor-version":[{"id":12027,"href":"https:\/\/tirsankardan.com\/de\/wp-json\/wp\/v2\/pages\/11006\/revisions\/12027"}],"wp:attachment":[{"href":"https:\/\/tirsankardan.com\/de\/wp-json\/wp\/v2\/media?parent=11006"}],"curies":[{"name":"wp","href":"https:\/\/api.w.org\/{rel}","templated":true}]}}