{"id":10970,"date":"2023-11-01T20:40:27","date_gmt":"2023-11-01T17:40:27","guid":{"rendered":"https:\/\/tirsankardan.com\/qualitaets-und-umweltpolitik\/"},"modified":"2024-05-14T15:34:05","modified_gmt":"2024-05-14T12:34:05","slug":"qualitaets-und-umweltpolitik","status":"publish","type":"page","link":"https:\/\/tirsankardan.com\/de\/qualitaets-und-umweltpolitik\/","title":{"rendered":"Qualit\u00e4ts- und Umweltpolitik"},"content":{"rendered":"\t\t<div data-elementor-type=\"wp-page\" data-elementor-id=\"10970\" class=\"elementor elementor-10970 elementor-8674\" data-elementor-settings=\"[]\">\n\t\t\t\t\t\t\t<div class=\"elementor-section-wrap\">\n\t\t\t\t\t\t\t<section class=\"elementor-section elementor-top-section elementor-element elementor-element-57141e0 elementor-section-boxed elementor-section-height-default elementor-section-height-default\" data-id=\"57141e0\" data-element_type=\"section\" data-settings=\"{&quot;background_background&quot;:&quot;classic&quot;}\">\n\t\t\t\t\t\t<div class=\"elementor-container elementor-column-gap-default\">\n\t\t\t\t\t<div class=\"elementor-column elementor-col-100 elementor-top-column elementor-element elementor-element-e25f50a\" data-id=\"e25f50a\" data-element_type=\"column\">\n\t\t\t<div class=\"elementor-widget-wrap elementor-element-populated\">\n\t\t\t\t\t\t\t\t<div class=\"elementor-element elementor-element-4378e2d elementor-widget elementor-widget-woocommerce-breadcrumb\" data-id=\"4378e2d\" data-element_type=\"widget\" data-widget_type=\"woocommerce-breadcrumb.default\">\n\t\t\t\t<div class=\"elementor-widget-container\">\n\t\t\t<nav class=\"woocommerce-breadcrumb\" aria-label=\"Breadcrumb\">Home<\/nav>\t\t<\/div>\n\t\t\t\t<\/div>\n\t\t\t\t\t<\/div>\n\t\t<\/div>\n\t\t\t\t\t\t\t<\/div>\n\t\t<\/section>\n\t\t\t\t<section class=\"elementor-section elementor-top-section elementor-element elementor-element-b33bdba elementor-section-boxed elementor-section-height-default elementor-section-height-default\" data-id=\"b33bdba\" data-element_type=\"section\">\n\t\t\t\t\t\t<div class=\"elementor-container elementor-column-gap-default\">\n\t\t\t\t\t<div class=\"elementor-column elementor-col-100 elementor-top-column elementor-element elementor-element-59c6cc9\" data-id=\"59c6cc9\" data-element_type=\"column\">\n\t\t\t<div class=\"elementor-widget-wrap elementor-element-populated\">\n\t\t\t\t\t\t\t\t<section class=\"elementor-section elementor-inner-section elementor-element elementor-element-e0a673e elementor-section-boxed elementor-section-height-default elementor-section-height-default\" data-id=\"e0a673e\" data-element_type=\"section\">\n\t\t\t\t\t\t<div class=\"elementor-container elementor-column-gap-default\">\n\t\t\t\t\t<div class=\"elementor-column elementor-col-50 elementor-inner-column elementor-element elementor-element-92b5543\" data-id=\"92b5543\" data-element_type=\"column\">\n\t\t\t<div class=\"elementor-widget-wrap elementor-element-populated\">\n\t\t\t\t\t\t\t\t<div class=\"elementor-element elementor-element-38e0df3 elementor-widget elementor-widget-text-editor\" data-id=\"38e0df3\" data-element_type=\"widget\" data-widget_type=\"text-editor.default\">\n\t\t\t\t<div class=\"elementor-widget-container\">\n\t\t\t<style>\/*! elementor - v3.5.3 - 28-12-2021 *\/\n.elementor-widget-text-editor.elementor-drop-cap-view-stacked .elementor-drop-cap{background-color:#818a91;color:#fff}.elementor-widget-text-editor.elementor-drop-cap-view-framed .elementor-drop-cap{color:#818a91;border:3px solid;background-color:transparent}.elementor-widget-text-editor:not(.elementor-drop-cap-view-default) .elementor-drop-cap{margin-top:8px}.elementor-widget-text-editor:not(.elementor-drop-cap-view-default) .elementor-drop-cap-letter{width:1em;height:1em}.elementor-widget-text-editor .elementor-drop-cap{float:left;text-align:center;line-height:1;font-size:50px}.elementor-widget-text-editor .elementor-drop-cap-letter{display:inline-block}<\/style>\t\t\t\t<p>Als Tirsan Kardan,<br \/>Im Rahmen des gemeinsamen Gl\u00fccks aller unserer Miteigent\u00fcmer, sind unsere politischen Ziele wie folgt:<\/p>\n<p>\u2022 Sicherstellen, dass der Ruf unseres Unternehmens den h\u00f6chsten Punkt erreicht<br \/>\u2022 Sicherstellung der Zufriedenheit unserer Kunden<br \/>\u2022 Sicherstellung der Zufriedenheit unserer Mitarbeiter<br \/>\u2022 Sicherstellung der Zufriedenheit unserer Aktion\u00e4re<\/p>\n\t\t\t\t\t\t<\/div>\n\t\t\t\t<\/div>\n\t\t\t\t<div class=\"elementor-element elementor-element-af7edbd elementor-widget elementor-widget-text-editor\" data-id=\"af7edbd\" data-element_type=\"widget\" data-widget_type=\"text-editor.default\">\n\t\t\t\t<div class=\"elementor-widget-container\">\n\t\t\t\t\t\t\t<p>Im Rahmen einer effizienten Ressourcennutzung<\/p>\n<p>\u2022 Beitrag zur Gesellschaft und zur Umwelt<br \/>\u2022 Minimierung von Abf\u00e4llen durch Vermeidung von Verschmutzung an der Quelle<br \/>\u2022 Schutz nat\u00fcrlicher Ressourcen und Minimierung ihres Verbrauchs<br \/>\u2022 Erf\u00fcllung der Anforderungen relevanter Umweltgesetze, Gesetze und Vorschriften<br \/>\u2022 Durch die Verfolgung technologischer Innovationen, Durchf\u00fchrung von Studien zur messbaren Verbesserung und Entwicklung in allen Bereichen.<\/p>\n\t\t\t\t\t\t<\/div>\n\t\t\t\t<\/div>\n\t\t\t\t\t<\/div>\n\t\t<\/div>\n\t\t\t\t<div class=\"elementor-column elementor-col-50 elementor-inner-column elementor-element elementor-element-ec4cd13\" data-id=\"ec4cd13\" data-element_type=\"column\">\n\t\t\t<div class=\"elementor-widget-wrap elementor-element-populated\">\n\t\t\t\t\t\t\t\t<div class=\"elementor-element elementor-element-f4bb1b0 elementor-widget elementor-widget-image\" data-id=\"f4bb1b0\" data-element_type=\"widget\" data-widget_type=\"image.default\">\n\t\t\t\t<div class=\"elementor-widget-container\">\n\t\t\t<style>\/*! elementor - v3.5.3 - 28-12-2021 *\/\n.elementor-widget-image{text-align:center}.elementor-widget-image a{display:inline-block}.elementor-widget-image a img[src$=\".svg\"]{width:48px}.elementor-widget-image img{vertical-align:middle;display:inline-block}<\/style>\t\t\t\t\t\t\t\t\t\t\t\t<img decoding=\"async\" width=\"473\" height=\"608\" data-src=\"https:\/\/tirsankardan.com\/wp-content\/uploads\/2023\/02\/kalite-ve-c\u2560gevre-politikas\u2500\u2592_SALT-02.png\" class=\"attachment-full size-full lazyload\" alt=\"\" data-srcset=\"https:\/\/tirsankardan.com\/wp-content\/uploads\/2023\/02\/kalite-ve-c\u2560gevre-politikas\u2500\u2592_SALT-02.png 473w, https:\/\/tirsankardan.com\/wp-content\/uploads\/2023\/02\/kalite-ve-c\u2560gevre-politikas\u2500\u2592_SALT-02-233x300.png 233w, https:\/\/tirsankardan.com\/wp-content\/uploads\/2023\/02\/kalite-ve-c\u2560gevre-politikas\u2500\u2592_SALT-02-285x366.png 285w, https:\/\/tirsankardan.com\/wp-content\/uploads\/2023\/02\/kalite-ve-c\u2560gevre-politikas\u2500\u2592_SALT-02-117x150.png 117w\" data-sizes=\"(max-width: 473px) 100vw, 473px\" src=\"data:image\/svg+xml;base64,PHN2ZyB3aWR0aD0iMSIgaGVpZ2h0PSIxIiB4bWxucz0iaHR0cDovL3d3dy53My5vcmcvMjAwMC9zdmciPjwvc3ZnPg==\" style=\"--smush-placeholder-width: 473px; --smush-placeholder-aspect-ratio: 473\/608;\" \/>\t\t\t\t\t\t\t\t\t\t\t\t\t\t\t<\/div>\n\t\t\t\t<\/div>\n\t\t\t\t\t<\/div>\n\t\t<\/div>\n\t\t\t\t\t\t\t<\/div>\n\t\t<\/section>\n\t\t\t\t\t<\/div>\n\t\t<\/div>\n\t\t\t\t\t\t\t<\/div>\n\t\t<\/section>\n\t\t\t\t<section class=\"elementor-section elementor-top-section elementor-element elementor-element-927e1f6 elementor-section-boxed elementor-section-height-default elementor-section-height-default\" data-id=\"927e1f6\" data-element_type=\"section\">\n\t\t\t\t\t\t<div class=\"elementor-container elementor-column-gap-default\">\n\t\t\t\t\t<div class=\"elementor-column elementor-col-100 elementor-top-column elementor-element elementor-element-d41b8e5\" data-id=\"d41b8e5\" data-element_type=\"column\">\n\t\t\t<div class=\"elementor-widget-wrap elementor-element-populated\">\n\t\t\t\t\t\t\t\t<section class=\"elementor-section elementor-inner-section elementor-element elementor-element-f73fbdc elementor-section-boxed elementor-section-height-default elementor-section-height-default\" data-id=\"f73fbdc\" data-element_type=\"section\">\n\t\t\t\t\t\t<div class=\"elementor-container elementor-column-gap-default\">\n\t\t\t\t\t<div class=\"elementor-column elementor-col-50 elementor-inner-column elementor-element elementor-element-d194556\" data-id=\"d194556\" data-element_type=\"column\">\n\t\t\t<div class=\"elementor-widget-wrap elementor-element-populated\">\n\t\t\t\t\t\t\t\t<div class=\"elementor-element elementor-element-0f7a774 elementor-widget elementor-widget-image\" data-id=\"0f7a774\" data-element_type=\"widget\" data-widget_type=\"image.default\">\n\t\t\t\t<div class=\"elementor-widget-container\">\n\t\t\t\t\t\t\t\t\t\t\t\t\t\t\t<img decoding=\"async\" width=\"1024\" height=\"768\" data-src=\"https:\/\/tirsankardan.com\/wp-content\/uploads\/2021\/10\/Downloader.la-617ab84ac0231-e1635433139440.jpg\" class=\"attachment-full size-full lazyload\" alt=\"\" src=\"data:image\/svg+xml;base64,PHN2ZyB3aWR0aD0iMSIgaGVpZ2h0PSIxIiB4bWxucz0iaHR0cDovL3d3dy53My5vcmcvMjAwMC9zdmciPjwvc3ZnPg==\" style=\"--smush-placeholder-width: 1024px; --smush-placeholder-aspect-ratio: 1024\/768;\" \/>\t\t\t\t\t\t\t\t\t\t\t\t\t\t\t<\/div>\n\t\t\t\t<\/div>\n\t\t\t\t\t<\/div>\n\t\t<\/div>\n\t\t\t\t<div class=\"elementor-column elementor-col-50 elementor-inner-column elementor-element elementor-element-0669276\" data-id=\"0669276\" data-element_type=\"column\">\n\t\t\t<div class=\"elementor-widget-wrap elementor-element-populated\">\n\t\t\t\t\t\t\t\t<div class=\"elementor-element elementor-element-3489573 elementor-widget elementor-widget-text-editor\" data-id=\"3489573\" data-element_type=\"widget\" data-widget_type=\"text-editor.default\">\n\t\t\t\t<div class=\"elementor-widget-container\">\n\t\t\t\t\t\t\t<p>Wir als Tirsan Kardan tragen unseren Teil dazu bei, unseren CO2-Fu\u00dfabdruck zu verringern.<\/p>\n<ul>\n<li>In \u00dcbereinstimmung mit dem Nachhaltigkeitsansatz unseres Unternehmens streben wir an, den Einsatz von Abf\u00e4llen und nat\u00fcrlichen Ressourcen gem\u00e4\u00df unserer Qualit\u00e4ts- und Umweltpolitik zu reduzieren.<\/li>\n<li>Wir erf\u00fcllen die gesetzlichen Messanforderungen im Rahmen der Verordnung \u00fcber Treibhausgasemissionen.<\/li>\n<li>Neben der Erf\u00fcllung der gesetzlichen Anforderungen ergreifen wir Initiativen, um die Umwelt- und Energieeffizienz in allen Prozessen ab der Entwurfsphase kontinuierlich zu verbessern.<\/li>\n<li>Wir ermitteln die Quellen unserer Verluste durch detaillierte Energiestudien, um Energieverluste zu vermeiden und Energie effizient zu nutzen.<\/li>\n<li>Im Rahmen der Einhaltung der gesetzlichen Anforderungen an Abf\u00e4lle trennen wir Abf\u00e4lle an der Quelle und senden sie an zugelassene Recycling- oder Entsorgungseinrichtungen.<\/li>\n<li>In Bezug auf die Verpackung erf\u00fcllen wir auch die aktuellen gesetzlichen Verpflichtungen in Bezug auf das Recycling.<\/li>\n<li>&#8220;Unser Tirsan Wald&#8221; im Berg Manisa Yunt w\u00e4chst mit jedem Jahr, um zuk\u00fcnftigen Generationen ein lebenswerteres Welterbe zu hinterlassen.<\/li>\n<\/ul>\n\t\t\t\t\t\t<\/div>\n\t\t\t\t<\/div>\n\t\t\t\t<div class=\"elementor-element elementor-element-5e42eb0 elementor-widget elementor-widget-text-editor\" data-id=\"5e42eb0\" data-element_type=\"widget\" data-widget_type=\"text-editor.default\">\n\t\t\t\t<div class=\"elementor-widget-container\">\n\t\t\t\t\t\t\t<p>Im Rahmen einer effizienten Ressourcennutzung<\/p>\n<p>\u2022 Beitrag zur Gesellschaft und zur Umwelt<br \/>\u2022 Minimierung von Abf\u00e4llen durch Vermeidung von Verschmutzung an der Quelle<br \/>\u2022 Schutz nat\u00fcrlicher Ressourcen und Minimierung ihres Verbrauchs<br \/>\u2022 Erf\u00fcllung der Anforderungen relevanter Umweltgesetze, Gesetze und Vorschriften<br \/>\u2022 Durch die Verfolgung technologischer Innovationen, Durchf\u00fchrung von Studien zur messbaren Verbesserung und Entwicklung in allen Bereichen.<\/p>\n\t\t\t\t\t\t<\/div>\n\t\t\t\t<\/div>\n\t\t\t\t\t<\/div>\n\t\t<\/div>\n\t\t\t\t\t\t\t<\/div>\n\t\t<\/section>\n\t\t\t\t\t<\/div>\n\t\t<\/div>\n\t\t\t\t\t\t\t<\/div>\n\t\t<\/section>\n\t\t\t\t\t\t<\/div>\n\t\t\t\t\t<\/div>\n\t\t","protected":false},"excerpt":{"rendered":"<p>Als Tirsan Kardan,Im Rahmen des gemeinsamen Gl\u00fccks aller unserer Miteigent\u00fcmer, sind unsere politischen Ziele wie folgt: \u2022 Sicherstellen,&#8230;<\/p>\n","protected":false},"author":9,"featured_media":0,"parent":0,"menu_order":0,"comment_status":"closed","ping_status":"closed","template":"elementor_header_footer","meta":{"_acf_changed":false,"footnotes":""},"class_list":["post-10970","page","type-page","status-publish","hentry"],"acf":[],"yoast_head":"<!-- This site is optimized with the Yoast SEO plugin v27.5 - https:\/\/yoast.com\/product\/yoast-seo-wordpress\/ -->\n<title>Qualit\u00e4ts- und Umweltpolitik - Tirsan Kardan<\/title>\n<meta name=\"robots\" content=\"index, follow, max-snippet:-1, max-image-preview:large, max-video-preview:-1\" \/>\n<link rel=\"canonical\" href=\"https:\/\/tirsankardan.com\/de\/qualitaets-und-umweltpolitik\/\" \/>\n<meta property=\"og:locale\" content=\"de_DE\" \/>\n<meta property=\"og:type\" content=\"article\" \/>\n<meta property=\"og:title\" content=\"Qualit\u00e4ts- und Umweltpolitik - Tirsan Kardan\" \/>\n<meta property=\"og:description\" content=\"Als Tirsan Kardan,Im Rahmen des gemeinsamen Gl\u00fccks aller unserer Miteigent\u00fcmer, sind unsere politischen Ziele wie folgt: \u2022 Sicherstellen,...\" \/>\n<meta property=\"og:url\" content=\"https:\/\/tirsankardan.com\/de\/qualitaets-und-umweltpolitik\/\" \/>\n<meta property=\"og:site_name\" content=\"Tirsan Kardan\" \/>\n<meta property=\"article:modified_time\" content=\"2024-05-14T12:34:05+00:00\" \/>\n<meta property=\"og:image\" content=\"https:\/\/tirsankardan.com\/wp-content\/uploads\/2021\/10\/Downloader.la-617ab84ac0231-e1635433139440.jpg\" \/>\n<meta name=\"twitter:card\" content=\"summary_large_image\" \/>\n<meta name=\"twitter:label1\" content=\"Gesch\u00e4tzte Lesezeit\" \/>\n\t<meta name=\"twitter:data1\" content=\"2\u00a0Minuten\" \/>\n<script type=\"application\/ld+json\" class=\"yoast-schema-graph\">{\"@context\":\"https:\\\/\\\/schema.org\",\"@graph\":[{\"@type\":\"WebPage\",\"@id\":\"https:\\\/\\\/tirsankardan.com\\\/de\\\/qualitaets-und-umweltpolitik\\\/\",\"url\":\"https:\\\/\\\/tirsankardan.com\\\/de\\\/qualitaets-und-umweltpolitik\\\/\",\"name\":\"Qualit\u00e4ts- und Umweltpolitik - Tirsan Kardan\",\"isPartOf\":{\"@id\":\"https:\\\/\\\/tirsankardan.com\\\/de\\\/#website\"},\"primaryImageOfPage\":{\"@id\":\"https:\\\/\\\/tirsankardan.com\\\/de\\\/qualitaets-und-umweltpolitik\\\/#primaryimage\"},\"image\":{\"@id\":\"https:\\\/\\\/tirsankardan.com\\\/de\\\/qualitaets-und-umweltpolitik\\\/#primaryimage\"},\"thumbnailUrl\":\"https:\\\/\\\/tirsankardan.com\\\/wp-content\\\/uploads\\\/2021\\\/10\\\/Downloader.la-617ab84ac0231-e1635433139440.jpg\",\"datePublished\":\"2023-11-01T17:40:27+00:00\",\"dateModified\":\"2024-05-14T12:34:05+00:00\",\"breadcrumb\":{\"@id\":\"https:\\\/\\\/tirsankardan.com\\\/de\\\/qualitaets-und-umweltpolitik\\\/#breadcrumb\"},\"inLanguage\":\"de\",\"potentialAction\":[{\"@type\":\"ReadAction\",\"target\":[\"https:\\\/\\\/tirsankardan.com\\\/de\\\/qualitaets-und-umweltpolitik\\\/\"]}]},{\"@type\":\"ImageObject\",\"inLanguage\":\"de\",\"@id\":\"https:\\\/\\\/tirsankardan.com\\\/de\\\/qualitaets-und-umweltpolitik\\\/#primaryimage\",\"url\":\"https:\\\/\\\/tirsankardan.com\\\/wp-content\\\/uploads\\\/2021\\\/10\\\/Downloader.la-617ab84ac0231-e1635433139440.jpg\",\"contentUrl\":\"https:\\\/\\\/tirsankardan.com\\\/wp-content\\\/uploads\\\/2021\\\/10\\\/Downloader.la-617ab84ac0231-e1635433139440.jpg\"},{\"@type\":\"BreadcrumbList\",\"@id\":\"https:\\\/\\\/tirsankardan.com\\\/de\\\/qualitaets-und-umweltpolitik\\\/#breadcrumb\",\"itemListElement\":[{\"@type\":\"ListItem\",\"position\":1,\"name\":\"Anasayfa\",\"item\":\"https:\\\/\\\/tirsankardan.com\\\/de\\\/\"},{\"@type\":\"ListItem\",\"position\":2,\"name\":\"Qualit\u00e4ts- und Umweltpolitik\"}]},{\"@type\":\"WebSite\",\"@id\":\"https:\\\/\\\/tirsankardan.com\\\/de\\\/#website\",\"url\":\"https:\\\/\\\/tirsankardan.com\\\/de\\\/\",\"name\":\"Tirsan Kardan\",\"description\":\"\",\"publisher\":{\"@id\":\"https:\\\/\\\/tirsankardan.com\\\/de\\\/#organization\"},\"potentialAction\":[{\"@type\":\"SearchAction\",\"target\":{\"@type\":\"EntryPoint\",\"urlTemplate\":\"https:\\\/\\\/tirsankardan.com\\\/de\\\/?s={search_term_string}\"},\"query-input\":{\"@type\":\"PropertyValueSpecification\",\"valueRequired\":true,\"valueName\":\"search_term_string\"}}],\"inLanguage\":\"de\"},{\"@type\":\"Organization\",\"@id\":\"https:\\\/\\\/tirsankardan.com\\\/de\\\/#organization\",\"name\":\"Tirsan Kardan A\u015e\",\"url\":\"https:\\\/\\\/tirsankardan.com\\\/de\\\/\",\"logo\":{\"@type\":\"ImageObject\",\"inLanguage\":\"de\",\"@id\":\"https:\\\/\\\/tirsankardan.com\\\/de\\\/#\\\/schema\\\/logo\\\/image\\\/\",\"url\":\"https:\\\/\\\/tirsankardan.com\\\/wp-content\\\/uploads\\\/2018\\\/07\\\/logo.png\",\"contentUrl\":\"https:\\\/\\\/tirsankardan.com\\\/wp-content\\\/uploads\\\/2018\\\/07\\\/logo.png\",\"width\":314,\"height\":69,\"caption\":\"Tirsan Kardan A\u015e\"},\"image\":{\"@id\":\"https:\\\/\\\/tirsankardan.com\\\/de\\\/#\\\/schema\\\/logo\\\/image\\\/\"}}]}<\/script>\n<!-- \/ Yoast SEO plugin. -->","yoast_head_json":{"title":"Qualit\u00e4ts- und Umweltpolitik - Tirsan Kardan","robots":{"index":"index","follow":"follow","max-snippet":"max-snippet:-1","max-image-preview":"max-image-preview:large","max-video-preview":"max-video-preview:-1"},"canonical":"https:\/\/tirsankardan.com\/de\/qualitaets-und-umweltpolitik\/","og_locale":"de_DE","og_type":"article","og_title":"Qualit\u00e4ts- und Umweltpolitik - Tirsan Kardan","og_description":"Als Tirsan Kardan,Im Rahmen des gemeinsamen Gl\u00fccks aller unserer Miteigent\u00fcmer, sind unsere politischen Ziele wie folgt: \u2022 Sicherstellen,...","og_url":"https:\/\/tirsankardan.com\/de\/qualitaets-und-umweltpolitik\/","og_site_name":"Tirsan Kardan","article_modified_time":"2024-05-14T12:34:05+00:00","og_image":[{"url":"https:\/\/tirsankardan.com\/wp-content\/uploads\/2021\/10\/Downloader.la-617ab84ac0231-e1635433139440.jpg","type":"","width":"","height":""}],"twitter_card":"summary_large_image","twitter_misc":{"Gesch\u00e4tzte Lesezeit":"2\u00a0Minuten"},"schema":{"@context":"https:\/\/schema.org","@graph":[{"@type":"WebPage","@id":"https:\/\/tirsankardan.com\/de\/qualitaets-und-umweltpolitik\/","url":"https:\/\/tirsankardan.com\/de\/qualitaets-und-umweltpolitik\/","name":"Qualit\u00e4ts- und Umweltpolitik - Tirsan Kardan","isPartOf":{"@id":"https:\/\/tirsankardan.com\/de\/#website"},"primaryImageOfPage":{"@id":"https:\/\/tirsankardan.com\/de\/qualitaets-und-umweltpolitik\/#primaryimage"},"image":{"@id":"https:\/\/tirsankardan.com\/de\/qualitaets-und-umweltpolitik\/#primaryimage"},"thumbnailUrl":"https:\/\/tirsankardan.com\/wp-content\/uploads\/2021\/10\/Downloader.la-617ab84ac0231-e1635433139440.jpg","datePublished":"2023-11-01T17:40:27+00:00","dateModified":"2024-05-14T12:34:05+00:00","breadcrumb":{"@id":"https:\/\/tirsankardan.com\/de\/qualitaets-und-umweltpolitik\/#breadcrumb"},"inLanguage":"de","potentialAction":[{"@type":"ReadAction","target":["https:\/\/tirsankardan.com\/de\/qualitaets-und-umweltpolitik\/"]}]},{"@type":"ImageObject","inLanguage":"de","@id":"https:\/\/tirsankardan.com\/de\/qualitaets-und-umweltpolitik\/#primaryimage","url":"https:\/\/tirsankardan.com\/wp-content\/uploads\/2021\/10\/Downloader.la-617ab84ac0231-e1635433139440.jpg","contentUrl":"https:\/\/tirsankardan.com\/wp-content\/uploads\/2021\/10\/Downloader.la-617ab84ac0231-e1635433139440.jpg"},{"@type":"BreadcrumbList","@id":"https:\/\/tirsankardan.com\/de\/qualitaets-und-umweltpolitik\/#breadcrumb","itemListElement":[{"@type":"ListItem","position":1,"name":"Anasayfa","item":"https:\/\/tirsankardan.com\/de\/"},{"@type":"ListItem","position":2,"name":"Qualit\u00e4ts- und Umweltpolitik"}]},{"@type":"WebSite","@id":"https:\/\/tirsankardan.com\/de\/#website","url":"https:\/\/tirsankardan.com\/de\/","name":"Tirsan Kardan","description":"","publisher":{"@id":"https:\/\/tirsankardan.com\/de\/#organization"},"potentialAction":[{"@type":"SearchAction","target":{"@type":"EntryPoint","urlTemplate":"https:\/\/tirsankardan.com\/de\/?s={search_term_string}"},"query-input":{"@type":"PropertyValueSpecification","valueRequired":true,"valueName":"search_term_string"}}],"inLanguage":"de"},{"@type":"Organization","@id":"https:\/\/tirsankardan.com\/de\/#organization","name":"Tirsan Kardan A\u015e","url":"https:\/\/tirsankardan.com\/de\/","logo":{"@type":"ImageObject","inLanguage":"de","@id":"https:\/\/tirsankardan.com\/de\/#\/schema\/logo\/image\/","url":"https:\/\/tirsankardan.com\/wp-content\/uploads\/2018\/07\/logo.png","contentUrl":"https:\/\/tirsankardan.com\/wp-content\/uploads\/2018\/07\/logo.png","width":314,"height":69,"caption":"Tirsan Kardan A\u015e"},"image":{"@id":"https:\/\/tirsankardan.com\/de\/#\/schema\/logo\/image\/"}}]}},"_links":{"self":[{"href":"https:\/\/tirsankardan.com\/de\/wp-json\/wp\/v2\/pages\/10970","targetHints":{"allow":["GET"]}}],"collection":[{"href":"https:\/\/tirsankardan.com\/de\/wp-json\/wp\/v2\/pages"}],"about":[{"href":"https:\/\/tirsankardan.com\/de\/wp-json\/wp\/v2\/types\/page"}],"author":[{"embeddable":true,"href":"https:\/\/tirsankardan.com\/de\/wp-json\/wp\/v2\/users\/9"}],"replies":[{"embeddable":true,"href":"https:\/\/tirsankardan.com\/de\/wp-json\/wp\/v2\/comments?post=10970"}],"version-history":[{"count":2,"href":"https:\/\/tirsankardan.com\/de\/wp-json\/wp\/v2\/pages\/10970\/revisions"}],"predecessor-version":[{"id":11497,"href":"https:\/\/tirsankardan.com\/de\/wp-json\/wp\/v2\/pages\/10970\/revisions\/11497"}],"wp:attachment":[{"href":"https:\/\/tirsankardan.com\/de\/wp-json\/wp\/v2\/media?parent=10970"}],"curies":[{"name":"wp","href":"https:\/\/api.w.org\/{rel}","templated":true}]}}