{"id":10948,"date":"2023-11-01T19:38:48","date_gmt":"2023-11-01T16:38:48","guid":{"rendered":"https:\/\/tirsankardan.com\/unsere-ethischen-regeln\/"},"modified":"2023-11-01T19:52:53","modified_gmt":"2023-11-01T16:52:53","slug":"unsere-ethischen-regeln","status":"publish","type":"page","link":"https:\/\/tirsankardan.com\/de\/unsere-ethischen-regeln\/","title":{"rendered":"Unsere ethischen Regeln"},"content":{"rendered":"\t\t<div data-elementor-type=\"wp-page\" data-elementor-id=\"10948\" class=\"elementor elementor-10948 elementor-10593\" data-elementor-settings=\"[]\">\n\t\t\t\t\t\t\t<div class=\"elementor-section-wrap\">\n\t\t\t\t\t\t\t<section class=\"elementor-section elementor-top-section elementor-element elementor-element-ccaecc3 elementor-section-boxed elementor-section-height-default elementor-section-height-default\" data-id=\"ccaecc3\" data-element_type=\"section\">\n\t\t\t\t\t\t<div class=\"elementor-container elementor-column-gap-default\">\n\t\t\t\t\t<div class=\"elementor-column elementor-col-100 elementor-top-column elementor-element elementor-element-a04b11d\" data-id=\"a04b11d\" data-element_type=\"column\">\n\t\t\t<div class=\"elementor-widget-wrap elementor-element-populated\">\n\t\t\t\t\t\t\t\t<div class=\"elementor-element elementor-element-fabc315 elementor-widget elementor-widget-text-editor\" data-id=\"fabc315\" data-element_type=\"widget\" data-widget_type=\"text-editor.default\">\n\t\t\t\t<div class=\"elementor-widget-container\">\n\t\t\t<style>\/*! elementor - v3.5.3 - 28-12-2021 *\/\n.elementor-widget-text-editor.elementor-drop-cap-view-stacked .elementor-drop-cap{background-color:#818a91;color:#fff}.elementor-widget-text-editor.elementor-drop-cap-view-framed .elementor-drop-cap{color:#818a91;border:3px solid;background-color:transparent}.elementor-widget-text-editor:not(.elementor-drop-cap-view-default) .elementor-drop-cap{margin-top:8px}.elementor-widget-text-editor:not(.elementor-drop-cap-view-default) .elementor-drop-cap-letter{width:1em;height:1em}.elementor-widget-text-editor .elementor-drop-cap{float:left;text-align:center;line-height:1;font-size:50px}.elementor-widget-text-editor .elementor-drop-cap-letter{display:inline-block}<\/style>\t\t\t\t<p>Wir bitten Sie, das Tirsan Kardan Ethical Rules Protocol, das zur Wahrung der Unternehmenswerte von Tirsan Kardan und zum Schutz der Interessen unseres Unternehmens und unserer Mitarbeiter erstellt wurde, anhand des folgenden Textes zu lesen.<\/p>\n<p>In F\u00e4llen, in denen Sie der Meinung sind, dass gegen die ethischen Regeln von T\u0131rsan Kardan versto\u00dfen wurde, ist es von gro\u00dfer Bedeutung, dass Sie uns unverz\u00fcglich informieren, um unser Unternehmen, unsere Werte und unsere Mitarbeiter zu sch\u00fctzen. Im Rahmen der Bedeutung, die wir dem Schutz Ihrer pers\u00f6nlichen Daten beimessen, k\u00f6nnen Sie \u00fcber unseren unabh\u00e4ngigen Ethik-Hotlinedienst \u00fcber die Kan\u00e4le kontaktieren, die Sie unten finden.<\/p>\n<p>Die Ethik-Hotline ist ein unabh\u00e4ngiges Callcenter, in dem Sie Bedenken hinsichtlich Unregelm\u00e4\u00dfigkeiten, Gefahren, Missbrauch, Straftaten oder anderen schwerwiegenden Risiken \u00e4u\u00dfern k\u00f6nnen, die Sie oder unser Unternehmen gef\u00e4hrden k\u00f6nnten. Ihre Anrufe werden vertraulich behandelt, um in einer privaten und unabh\u00e4ngigen Einrichtung gel\u00f6st zu werden.<\/p>\n<p>F\u00fcr weitere Informationen k\u00f6nnen Sie 444 Ethics (3845) jederzeit zwischen 10:00 und 19:00 Uhr, sieben Tage die Woche, anrufen.<\/p>\n\t\t\t\t\t\t<\/div>\n\t\t\t\t<\/div>\n\t\t\t\t<div class=\"elementor-element elementor-element-0e9a472 tk-politikalarimiz elementor-widget elementor-widget-accordion\" data-id=\"0e9a472\" data-element_type=\"widget\" data-widget_type=\"accordion.default\">\n\t\t\t\t<div class=\"elementor-widget-container\">\n\t\t\t<style>\/*! elementor - v3.5.3 - 28-12-2021 *\/\n.elementor-accordion{text-align:left}.elementor-accordion .elementor-accordion-item{border:1px solid #d4d4d4}.elementor-accordion .elementor-accordion-item+.elementor-accordion-item{border-top:none}.elementor-accordion .elementor-tab-title{margin:0;padding:15px 20px;font-weight:700;line-height:1;cursor:pointer;outline:none}.elementor-accordion .elementor-tab-title .elementor-accordion-icon{display:inline-block;width:1.5em}.elementor-accordion .elementor-tab-title .elementor-accordion-icon svg{width:1em;height:1em}.elementor-accordion .elementor-tab-title .elementor-accordion-icon.elementor-accordion-icon-right{float:right;text-align:right}.elementor-accordion .elementor-tab-title .elementor-accordion-icon.elementor-accordion-icon-left{float:left;text-align:left}.elementor-accordion .elementor-tab-title .elementor-accordion-icon .elementor-accordion-icon-closed{display:block}.elementor-accordion .elementor-tab-title .elementor-accordion-icon .elementor-accordion-icon-opened,.elementor-accordion .elementor-tab-title.elementor-active .elementor-accordion-icon-closed{display:none}.elementor-accordion .elementor-tab-title.elementor-active .elementor-accordion-icon-opened{display:block}.elementor-accordion .elementor-tab-content{display:none;padding:15px 20px;border-top:1px solid #d4d4d4}@media (max-width:767px){.elementor-accordion .elementor-tab-title{padding:12px 15px}.elementor-accordion .elementor-tab-title .elementor-accordion-icon{width:1.2em}.elementor-accordion .elementor-tab-content{padding:7px 15px}}<\/style>\t\t<div class=\"elementor-accordion\" role=\"tablist\">\n\t\t\t\t\t\t\t<div class=\"elementor-accordion-item\">\n\t\t\t\t\t<div id=\"elementor-tab-title-1531\" class=\"elementor-tab-title\" data-tab=\"1\" role=\"tab\" aria-controls=\"elementor-tab-content-1531\" aria-expanded=\"false\">\n\t\t\t\t\t\t\t\t\t\t\t\t<a class=\"elementor-accordion-title\" href=\"\"> Kontaktkan\u00e4le des unabh\u00e4ngigen Ethiktelefons f\u00fcr das Callcenter<\/a>\n\t\t\t\t\t<\/div>\n\t\t\t\t\t<div id=\"elementor-tab-content-1531\" class=\"elementor-tab-content elementor-clearfix\" data-tab=\"1\" role=\"tabpanel\" aria-labelledby=\"elementor-tab-title-1531\"><div id=\"elementor-tab-content-9571\" class=\"elementor-tab-content elementor-clearfix elementor-active\" role=\"tabpanel\" data-tab=\"1\" aria-labelledby=\"elementor-tab-title-9571\">\n<ul>\n<li>F\u00fcr Telefonate; <strong>444 3845<\/strong><\/li>\n<li>F\u00fcr Ihre E-Mail-Benachrichtigungen; <a href=\"mailto:tirsankardan@etikhat.com.tr\"><strong>tirsankardan@etikhat.com.tr<\/strong><\/a><\/li>\n<li>F\u00fcr Ihre Web-Channel-Freigaben: <a href=\"http:\/\/www.etikhat.com.tr\/\"><strong>etikhat.com.tr<\/strong><\/a><\/li>\n<\/ul>\n<p>In Ihren Benachrichtigungen werden Ihnen Mitarbeiter, die Mitarbeiter eines unabh\u00e4ngigen Callcenter-Unternehmens sind, behilflich sein und Ihr Name, Ihre Kontaktinformationen und alle anderen Informationen \u00fcber Sie <strong>(sofern Sie sie weitergeben m\u00f6chten)<\/strong> gesammelt und vertraulich behandelt werden.<\/p>\n<p>Sie k\u00f6nnen jede Ihrer Fragen unter den folgenden \u00dcberschriften an die unabh\u00e4ngigen Unternehmensvertreter richten, die Ihnen mit Sicherheit weiterhelfen.<\/p>\n<\/div>\n<\/div>\n\t\t\t\t<\/div>\n\t\t\t\t\t\t\t<div class=\"elementor-accordion-item\">\n\t\t\t\t\t<div id=\"elementor-tab-title-1532\" class=\"elementor-tab-title\" data-tab=\"2\" role=\"tab\" aria-controls=\"elementor-tab-content-1532\" aria-expanded=\"false\">\n\t\t\t\t\t\t\t\t\t\t\t\t<a class=\"elementor-accordion-title\" href=\"\"> Was ist die Ethik-Hotline?<\/a>\n\t\t\t\t\t<\/div>\n\t\t\t\t\t<div id=\"elementor-tab-content-1532\" class=\"elementor-tab-content elementor-clearfix\" data-tab=\"2\" role=\"tabpanel\" aria-labelledby=\"elementor-tab-title-1532\"><p>Was ist die Ethik-Hotline? Es handelt sich um eine Telefon-, Web- und E-Mail-Leitung, \u00fcber die Sie Unregelm\u00e4\u00dfigkeiten, Straftaten, Gefahren oder andere schwerwiegende Risiken mitteilen k\u00f6nnen, die Sie m\u00f6glicherweise beunruhigen. Alle Benachrichtigungen an diese Hotline werden vertraulich behandelt.<\/p>\n<\/div>\n\t\t\t\t<\/div>\n\t\t\t\t\t\t\t<div class=\"elementor-accordion-item\">\n\t\t\t\t\t<div id=\"elementor-tab-title-1533\" class=\"elementor-tab-title\" data-tab=\"3\" role=\"tab\" aria-controls=\"elementor-tab-content-1533\" aria-expanded=\"false\">\n\t\t\t\t\t\t\t\t\t\t\t\t<a class=\"elementor-accordion-title\" href=\"\"> Wer ist der Inhaber der Ethik-Hotline?<\/a>\n\t\t\t\t\t<\/div>\n\t\t\t\t\t<div id=\"elementor-tab-content-1533\" class=\"elementor-tab-content elementor-clearfix\" data-tab=\"3\" role=\"tabpanel\" aria-labelledby=\"elementor-tab-title-1533\"><p>Der Inhaber dieses Systems ist die Firma Etik Bildirim ve G\u00fcvence Dan\u0131\u015fmanl\u0131k Hizmetleri \u015eti. ist ein Unternehmen. Die Firma Etik Bildirim ve G\u00fcvence Dan\u0131\u015fmanl\u0131k Hizmetleri Ltd. \u015eti. ist eine externe unabh\u00e4ngige \u015eti. Das Unternehmen ist ein unabh\u00e4ngiges Unternehmen.<\/p>\n<\/div>\n\t\t\t\t<\/div>\n\t\t\t\t\t\t\t<div class=\"elementor-accordion-item\">\n\t\t\t\t\t<div id=\"elementor-tab-title-1534\" class=\"elementor-tab-title\" data-tab=\"4\" role=\"tab\" aria-controls=\"elementor-tab-content-1534\" aria-expanded=\"false\">\n\t\t\t\t\t\t\t\t\t\t\t\t<a class=\"elementor-accordion-title\" href=\"\">Wie erreiche ich die Ethik-Hotline?<\/a>\n\t\t\t\t\t<\/div>\n\t\t\t\t\t<div id=\"elementor-tab-content-1534\" class=\"elementor-tab-content elementor-clearfix\" data-tab=\"4\" role=\"tabpanel\" aria-labelledby=\"elementor-tab-title-1534\"><div id=\"elementor-tab-content-9574\" class=\"elementor-tab-content elementor-clearfix elementor-active\" role=\"tabpanel\" data-tab=\"4\" aria-labelledby=\"elementor-tab-title-9574\">\n<ul>\n<li>Sie k\u00f6nnen auch von jeder E-Mail-Adresse eine E-Mail an tirsankardan@etikhat.com.tr senden.<\/li>\n<li>Sie k\u00f6nnen auch von jeder E-Mail-Adresse aus eine E-Mail an <a href=\"mailto:tirsankardan@etikhat.com.tr\"><strong>tirsankardan@etikhat.com.tr<\/strong><\/a> senden.<\/li>\n<li>Im Internet k\u00f6nnen Sie es unter <a href=\"http:\/\/www.etikhat.com.tr\/\">etikhat.com.tr<\/a> erreichen.<\/li>\n<\/ul>\n<\/div>\n<\/div>\n\t\t\t\t<\/div>\n\t\t\t\t\t\t\t<div class=\"elementor-accordion-item\">\n\t\t\t\t\t<div id=\"elementor-tab-title-1535\" class=\"elementor-tab-title\" data-tab=\"5\" role=\"tab\" aria-controls=\"elementor-tab-content-1535\" aria-expanded=\"false\">\n\t\t\t\t\t\t\t\t\t\t\t\t<a class=\"elementor-accordion-title\" href=\"\"> Um wie viel Uhr kann ich anrufen?<\/a>\n\t\t\t\t\t<\/div>\n\t\t\t\t\t<div id=\"elementor-tab-content-1535\" class=\"elementor-tab-content elementor-clearfix\" data-tab=\"5\" role=\"tabpanel\" aria-labelledby=\"elementor-tab-title-1535\"><div id=\"elementor-tab-content-9575\" class=\"elementor-tab-content elementor-clearfix elementor-active\" role=\"tabpanel\" data-tab=\"5\" aria-labelledby=\"elementor-tab-title-9575\">\n<p>Telefonisten, die 7 Tage die Woche zwischen 10:00 und 19:00 Uhr live anrufen, werden Sie bedienen. Die Anmeldung erfolgt \u00fcber die Telefonzentrale zwischen 19.00 und 10.00 Uhr sowie an Feiertagen.<\/p>\n<p>Sie k\u00f6nnen Ihre E-Mail jederzeit senden. Die von Ihnen versendeten E-Mails werden entsprechend erfasst und verarbeitet.<\/p>\n<\/div>\n<\/div>\n\t\t\t\t<\/div>\n\t\t\t\t\t\t\t<div class=\"elementor-accordion-item\">\n\t\t\t\t\t<div id=\"elementor-tab-title-1536\" class=\"elementor-tab-title\" data-tab=\"6\" role=\"tab\" aria-controls=\"elementor-tab-content-1536\" aria-expanded=\"false\">\n\t\t\t\t\t\t\t\t\t\t\t\t<a class=\"elementor-accordion-title\" href=\"\">Wer kann die Ethik-Hotline nutzen?<\/a>\n\t\t\t\t\t<\/div>\n\t\t\t\t\t<div id=\"elementor-tab-content-1536\" class=\"elementor-tab-content elementor-clearfix\" data-tab=\"6\" role=\"tabpanel\" aria-labelledby=\"elementor-tab-title-1536\"><div id=\"elementor-tab-content-9576\" class=\"elementor-tab-content elementor-clearfix elementor-active\" role=\"tabpanel\" data-tab=\"6\" aria-labelledby=\"elementor-tab-title-9576\">\n<p>Alle unsere Mitarbeiter und Gesch\u00e4ftsinteressenten k\u00f6nnen die Hotline nutzen.<\/p>\n<\/div>\n<\/div>\n\t\t\t\t<\/div>\n\t\t\t\t\t\t\t<div class=\"elementor-accordion-item\">\n\t\t\t\t\t<div id=\"elementor-tab-title-1537\" class=\"elementor-tab-title\" data-tab=\"7\" role=\"tab\" aria-controls=\"elementor-tab-content-1537\" aria-expanded=\"false\">\n\t\t\t\t\t\t\t\t\t\t\t\t<a class=\"elementor-accordion-title\" href=\"\">Dauert der Vorgang lange?<\/a>\n\t\t\t\t\t<\/div>\n\t\t\t\t\t<div id=\"elementor-tab-content-1537\" class=\"elementor-tab-content elementor-clearfix\" data-tab=\"7\" role=\"tabpanel\" aria-labelledby=\"elementor-tab-title-1537\"><p>Dank des verbesserten Servicebetriebs werden Ihre Probleme viel schneller gel\u00f6st. Dar\u00fcber hinaus werden Sie w\u00e4hrend des Prozesses und nach dessen Abschluss informiert.<\/p>\n<\/div>\n\t\t\t\t<\/div>\n\t\t\t\t\t\t\t<div class=\"elementor-accordion-item\">\n\t\t\t\t\t<div id=\"elementor-tab-title-1538\" class=\"elementor-tab-title\" data-tab=\"8\" role=\"tab\" aria-controls=\"elementor-tab-content-1538\" aria-expanded=\"false\">\n\t\t\t\t\t\t\t\t\t\t\t\t<a class=\"elementor-accordion-title\" href=\"\"> Zu welchen Themen kann ich die Ethik-Hotline anrufen?<\/a>\n\t\t\t\t\t<\/div>\n\t\t\t\t\t<div id=\"elementor-tab-content-1538\" class=\"elementor-tab-content elementor-clearfix\" data-tab=\"8\" role=\"tabpanel\" aria-labelledby=\"elementor-tab-title-1538\"><div id=\"elementor-tab-content-9578\" class=\"elementor-tab-content elementor-clearfix elementor-active\" role=\"tabpanel\" data-tab=\"8\" aria-labelledby=\"elementor-tab-title-9578\">\n<p>Sie k\u00f6nnen die Ethik-Hotline unter den folgenden \u00dcberschriften f\u00fcr unethische Verhaltensprobleme, Missbrauch und andere kritische Probleme anrufen.<\/p>\n<ol>\n<li><strong><u>UNETHISCHE VERHALTENSPROBLEME<\/u><\/strong><\/li>\n<\/ol>\n<p>1.1. Streit\/Streit<br \/>1.2. Diskriminierung<br \/>1.3. Bewegung<br \/>1.4. Psychologische Bel\u00e4stigung\/Mobbing<br \/>1.5. Sexuelle Bel\u00e4stigung<br \/>1.6. Bedrohung\/Erpressung<br \/>1.7. K\u00f6rperliche Gewalt\/Kampf<br \/>1.8. Emotionale Beziehungen, die das Arbeitsumfeld st\u00f6ren<br \/>1.9. Alkohol- und Drogenkonsum<br \/>1.10. Ungerechtfertigte Entlassung<br \/>1.11. Unlautere Praktiken in Bezug auf die Arbeitsordnung<br \/>1.12. Politisch usw. In der Propaganda sein<br \/>1.13. Andere Verhaltensprobleme<\/p>\n<\/p>\n<ol start=\"2\">\n<li><strong><u>MISSBRAUCH UND ANDERE KRITISCHE FRAGEN<\/u><\/strong><\/li>\n<\/ol>\n<p>2.1. Versto\u00df gegen Unternehmensregeln<br \/>2.2. Verschwendung von Unternehmensressourcen<br \/>2.3. Veruntreuung von Unternehmensressourcen<br \/>2.4. Interner Diebstahl<br \/>2.5. Ausgelagerter Diebstahl<br \/>2.6. Betrug und Betrug<br \/>2.7. Lieferanteninteressenverh\u00e4ltnis<br \/>2.8. Bestechen<br \/>2.9. Informationslecks (Verletzung der Informationssicherheit)<br \/>2.10. Arbeitssicherheit und Gesundheitsgef\u00e4hrdende Verst\u00f6\u00dfe<br \/>2.11. Marken- und Reputationsverletzungen<br \/>2.12. Andere kritische Probleme<\/p>\n<\/div>\n<\/div>\n\t\t\t\t<\/div>\n\t\t\t\t\t\t\t<div class=\"elementor-accordion-item\">\n\t\t\t\t\t<div id=\"elementor-tab-title-1539\" class=\"elementor-tab-title\" data-tab=\"9\" role=\"tab\" aria-controls=\"elementor-tab-content-1539\" aria-expanded=\"false\">\n\t\t\t\t\t\t\t\t\t\t\t\t<a class=\"elementor-accordion-title\" href=\"\"> Wer trifft sich, wenn ich anrufe?<\/a>\n\t\t\t\t\t<\/div>\n\t\t\t\t\t<div id=\"elementor-tab-content-1539\" class=\"elementor-tab-content elementor-clearfix\" data-tab=\"9\" role=\"tabpanel\" aria-labelledby=\"elementor-tab-title-1539\"><p>Sie werden von Operatoren unterst\u00fctzt, die Mitarbeiter eines unabh\u00e4ngigen Callcenter-Unternehmens sind. Ihr Name, Ihre Kontaktdaten und alle anderen Informationen \u00fcber Sie werden in jeder Phase vertraulich behandelt.<\/p>\n<\/div>\n\t\t\t\t<\/div>\n\t\t\t\t\t\t\t<div class=\"elementor-accordion-item\">\n\t\t\t\t\t<div id=\"elementor-tab-title-15310\" class=\"elementor-tab-title\" data-tab=\"10\" role=\"tab\" aria-controls=\"elementor-tab-content-15310\" aria-expanded=\"false\">\n\t\t\t\t\t\t\t\t\t\t\t\t<a class=\"elementor-accordion-title\" href=\"\"> F\u00fcr weitere Informationen k\u00f6nnen Sie zu diesem Thema konsultieren;<\/a>\n\t\t\t\t\t<\/div>\n\t\t\t\t\t<div id=\"elementor-tab-content-15310\" class=\"elementor-tab-content elementor-clearfix\" data-tab=\"10\" role=\"tabpanel\" aria-labelledby=\"elementor-tab-title-15310\"><div id=\"elementor-tab-content-95710\" class=\"elementor-tab-content elementor-clearfix elementor-active\" role=\"tabpanel\" data-tab=\"10\" aria-labelledby=\"elementor-tab-title-95710\">\n<p>etikhat@tirsankardan.com<\/p>\n<\/div>\n<\/div>\n\t\t\t\t<\/div>\n\t\t\t\t\t\t\t\t<\/div>\n\t\t\t\t<\/div>\n\t\t\t\t<\/div>\n\t\t\t\t\t<\/div>\n\t\t<\/div>\n\t\t\t\t\t\t\t<\/div>\n\t\t<\/section>\n\t\t\t\t\t\t<\/div>\n\t\t\t\t\t<\/div>\n\t\t","protected":false},"excerpt":{"rendered":"<p>Wir bitten Sie, das Tirsan Kardan Ethical Rules Protocol, das zur Wahrung der Unternehmenswerte von Tirsan Kardan und&#8230;<\/p>\n","protected":false},"author":10,"featured_media":0,"parent":0,"menu_order":0,"comment_status":"closed","ping_status":"closed","template":"","meta":{"_acf_changed":false,"footnotes":""},"class_list":["post-10948","page","type-page","status-publish","hentry"],"acf":[],"yoast_head":"<!-- This site is optimized with the Yoast SEO plugin v27.5 - https:\/\/yoast.com\/product\/yoast-seo-wordpress\/ -->\n<title>Unsere ethischen Regeln - Tirsan Kardan<\/title>\n<meta name=\"robots\" content=\"index, follow, max-snippet:-1, max-image-preview:large, max-video-preview:-1\" \/>\n<link rel=\"canonical\" href=\"https:\/\/tirsankardan.com\/de\/unsere-ethischen-regeln\/\" \/>\n<meta property=\"og:locale\" content=\"de_DE\" \/>\n<meta property=\"og:type\" content=\"article\" \/>\n<meta property=\"og:title\" content=\"Unsere ethischen Regeln - Tirsan Kardan\" \/>\n<meta property=\"og:description\" content=\"Wir bitten Sie, das Tirsan Kardan Ethical Rules Protocol, das zur Wahrung der Unternehmenswerte von Tirsan Kardan und...\" \/>\n<meta property=\"og:url\" content=\"https:\/\/tirsankardan.com\/de\/unsere-ethischen-regeln\/\" \/>\n<meta property=\"og:site_name\" content=\"Tirsan Kardan\" \/>\n<meta property=\"article:modified_time\" content=\"2023-11-01T16:52:53+00:00\" \/>\n<meta name=\"twitter:card\" content=\"summary_large_image\" \/>\n<meta name=\"twitter:label1\" content=\"Gesch\u00e4tzte Lesezeit\" \/>\n\t<meta name=\"twitter:data1\" content=\"3\u00a0Minuten\" \/>\n<script type=\"application\/ld+json\" class=\"yoast-schema-graph\">{\"@context\":\"https:\\\/\\\/schema.org\",\"@graph\":[{\"@type\":\"WebPage\",\"@id\":\"https:\\\/\\\/tirsankardan.com\\\/de\\\/unsere-ethischen-regeln\\\/\",\"url\":\"https:\\\/\\\/tirsankardan.com\\\/de\\\/unsere-ethischen-regeln\\\/\",\"name\":\"Unsere ethischen Regeln - Tirsan Kardan\",\"isPartOf\":{\"@id\":\"https:\\\/\\\/tirsankardan.com\\\/de\\\/#website\"},\"datePublished\":\"2023-11-01T16:38:48+00:00\",\"dateModified\":\"2023-11-01T16:52:53+00:00\",\"breadcrumb\":{\"@id\":\"https:\\\/\\\/tirsankardan.com\\\/de\\\/unsere-ethischen-regeln\\\/#breadcrumb\"},\"inLanguage\":\"de\",\"potentialAction\":[{\"@type\":\"ReadAction\",\"target\":[\"https:\\\/\\\/tirsankardan.com\\\/de\\\/unsere-ethischen-regeln\\\/\"]}]},{\"@type\":\"BreadcrumbList\",\"@id\":\"https:\\\/\\\/tirsankardan.com\\\/de\\\/unsere-ethischen-regeln\\\/#breadcrumb\",\"itemListElement\":[{\"@type\":\"ListItem\",\"position\":1,\"name\":\"Anasayfa\",\"item\":\"https:\\\/\\\/tirsankardan.com\\\/de\\\/\"},{\"@type\":\"ListItem\",\"position\":2,\"name\":\"Unsere ethischen Regeln\"}]},{\"@type\":\"WebSite\",\"@id\":\"https:\\\/\\\/tirsankardan.com\\\/de\\\/#website\",\"url\":\"https:\\\/\\\/tirsankardan.com\\\/de\\\/\",\"name\":\"Tirsan Kardan\",\"description\":\"\",\"publisher\":{\"@id\":\"https:\\\/\\\/tirsankardan.com\\\/de\\\/#organization\"},\"potentialAction\":[{\"@type\":\"SearchAction\",\"target\":{\"@type\":\"EntryPoint\",\"urlTemplate\":\"https:\\\/\\\/tirsankardan.com\\\/de\\\/?s={search_term_string}\"},\"query-input\":{\"@type\":\"PropertyValueSpecification\",\"valueRequired\":true,\"valueName\":\"search_term_string\"}}],\"inLanguage\":\"de\"},{\"@type\":\"Organization\",\"@id\":\"https:\\\/\\\/tirsankardan.com\\\/de\\\/#organization\",\"name\":\"Tirsan Kardan A\u015e\",\"url\":\"https:\\\/\\\/tirsankardan.com\\\/de\\\/\",\"logo\":{\"@type\":\"ImageObject\",\"inLanguage\":\"de\",\"@id\":\"https:\\\/\\\/tirsankardan.com\\\/de\\\/#\\\/schema\\\/logo\\\/image\\\/\",\"url\":\"https:\\\/\\\/tirsankardan.com\\\/wp-content\\\/uploads\\\/2018\\\/07\\\/logo.png\",\"contentUrl\":\"https:\\\/\\\/tirsankardan.com\\\/wp-content\\\/uploads\\\/2018\\\/07\\\/logo.png\",\"width\":314,\"height\":69,\"caption\":\"Tirsan Kardan A\u015e\"},\"image\":{\"@id\":\"https:\\\/\\\/tirsankardan.com\\\/de\\\/#\\\/schema\\\/logo\\\/image\\\/\"}}]}<\/script>\n<!-- \/ Yoast SEO plugin. -->","yoast_head_json":{"title":"Unsere ethischen Regeln - Tirsan Kardan","robots":{"index":"index","follow":"follow","max-snippet":"max-snippet:-1","max-image-preview":"max-image-preview:large","max-video-preview":"max-video-preview:-1"},"canonical":"https:\/\/tirsankardan.com\/de\/unsere-ethischen-regeln\/","og_locale":"de_DE","og_type":"article","og_title":"Unsere ethischen Regeln - Tirsan Kardan","og_description":"Wir bitten Sie, das Tirsan Kardan Ethical Rules Protocol, das zur Wahrung der Unternehmenswerte von Tirsan Kardan und...","og_url":"https:\/\/tirsankardan.com\/de\/unsere-ethischen-regeln\/","og_site_name":"Tirsan Kardan","article_modified_time":"2023-11-01T16:52:53+00:00","twitter_card":"summary_large_image","twitter_misc":{"Gesch\u00e4tzte Lesezeit":"3\u00a0Minuten"},"schema":{"@context":"https:\/\/schema.org","@graph":[{"@type":"WebPage","@id":"https:\/\/tirsankardan.com\/de\/unsere-ethischen-regeln\/","url":"https:\/\/tirsankardan.com\/de\/unsere-ethischen-regeln\/","name":"Unsere ethischen Regeln - Tirsan Kardan","isPartOf":{"@id":"https:\/\/tirsankardan.com\/de\/#website"},"datePublished":"2023-11-01T16:38:48+00:00","dateModified":"2023-11-01T16:52:53+00:00","breadcrumb":{"@id":"https:\/\/tirsankardan.com\/de\/unsere-ethischen-regeln\/#breadcrumb"},"inLanguage":"de","potentialAction":[{"@type":"ReadAction","target":["https:\/\/tirsankardan.com\/de\/unsere-ethischen-regeln\/"]}]},{"@type":"BreadcrumbList","@id":"https:\/\/tirsankardan.com\/de\/unsere-ethischen-regeln\/#breadcrumb","itemListElement":[{"@type":"ListItem","position":1,"name":"Anasayfa","item":"https:\/\/tirsankardan.com\/de\/"},{"@type":"ListItem","position":2,"name":"Unsere ethischen Regeln"}]},{"@type":"WebSite","@id":"https:\/\/tirsankardan.com\/de\/#website","url":"https:\/\/tirsankardan.com\/de\/","name":"Tirsan Kardan","description":"","publisher":{"@id":"https:\/\/tirsankardan.com\/de\/#organization"},"potentialAction":[{"@type":"SearchAction","target":{"@type":"EntryPoint","urlTemplate":"https:\/\/tirsankardan.com\/de\/?s={search_term_string}"},"query-input":{"@type":"PropertyValueSpecification","valueRequired":true,"valueName":"search_term_string"}}],"inLanguage":"de"},{"@type":"Organization","@id":"https:\/\/tirsankardan.com\/de\/#organization","name":"Tirsan Kardan A\u015e","url":"https:\/\/tirsankardan.com\/de\/","logo":{"@type":"ImageObject","inLanguage":"de","@id":"https:\/\/tirsankardan.com\/de\/#\/schema\/logo\/image\/","url":"https:\/\/tirsankardan.com\/wp-content\/uploads\/2018\/07\/logo.png","contentUrl":"https:\/\/tirsankardan.com\/wp-content\/uploads\/2018\/07\/logo.png","width":314,"height":69,"caption":"Tirsan Kardan A\u015e"},"image":{"@id":"https:\/\/tirsankardan.com\/de\/#\/schema\/logo\/image\/"}}]}},"_links":{"self":[{"href":"https:\/\/tirsankardan.com\/de\/wp-json\/wp\/v2\/pages\/10948","targetHints":{"allow":["GET"]}}],"collection":[{"href":"https:\/\/tirsankardan.com\/de\/wp-json\/wp\/v2\/pages"}],"about":[{"href":"https:\/\/tirsankardan.com\/de\/wp-json\/wp\/v2\/types\/page"}],"author":[{"embeddable":true,"href":"https:\/\/tirsankardan.com\/de\/wp-json\/wp\/v2\/users\/10"}],"replies":[{"embeddable":true,"href":"https:\/\/tirsankardan.com\/de\/wp-json\/wp\/v2\/comments?post=10948"}],"version-history":[{"count":3,"href":"https:\/\/tirsankardan.com\/de\/wp-json\/wp\/v2\/pages\/10948\/revisions"}],"predecessor-version":[{"id":10953,"href":"https:\/\/tirsankardan.com\/de\/wp-json\/wp\/v2\/pages\/10948\/revisions\/10953"}],"wp:attachment":[{"href":"https:\/\/tirsankardan.com\/de\/wp-json\/wp\/v2\/media?parent=10948"}],"curies":[{"name":"wp","href":"https:\/\/api.w.org\/{rel}","templated":true}]}}