{"id":10942,"date":"2023-11-01T19:33:49","date_gmt":"2023-11-01T16:33:49","guid":{"rendered":"https:\/\/tirsankardan.com\/energiepolitik\/"},"modified":"2024-03-11T13:27:52","modified_gmt":"2024-03-11T10:27:52","slug":"energiepolitik","status":"publish","type":"page","link":"https:\/\/tirsankardan.com\/de\/energiepolitik\/","title":{"rendered":"Energiepolitik"},"content":{"rendered":"\t\t<div data-elementor-type=\"wp-page\" data-elementor-id=\"10942\" class=\"elementor elementor-10942 elementor-8653\" data-elementor-settings=\"[]\">\n\t\t\t\t\t\t\t<div class=\"elementor-section-wrap\">\n\t\t\t\t\t\t\t<section class=\"elementor-section elementor-top-section elementor-element elementor-element-a656f85 elementor-section-boxed elementor-section-height-default elementor-section-height-default\" data-id=\"a656f85\" data-element_type=\"section\" data-settings=\"{&quot;background_background&quot;:&quot;classic&quot;}\">\n\t\t\t\t\t\t\t<div class=\"elementor-background-overlay\"><\/div>\n\t\t\t\t\t\t\t<div class=\"elementor-container elementor-column-gap-default\">\n\t\t\t\t\t<div class=\"elementor-column elementor-col-100 elementor-top-column elementor-element elementor-element-77aac4a\" data-id=\"77aac4a\" data-element_type=\"column\">\n\t\t\t<div class=\"elementor-widget-wrap elementor-element-populated\">\n\t\t\t\t\t\t\t\t<div class=\"elementor-element elementor-element-0d0c142 elementor-widget elementor-widget-woocommerce-breadcrumb\" data-id=\"0d0c142\" data-element_type=\"widget\" data-widget_type=\"woocommerce-breadcrumb.default\">\n\t\t\t\t<div class=\"elementor-widget-container\">\n\t\t\t<nav class=\"woocommerce-breadcrumb\" aria-label=\"Breadcrumb\">Home<\/nav>\t\t<\/div>\n\t\t\t\t<\/div>\n\t\t\t\t\t<\/div>\n\t\t<\/div>\n\t\t\t\t\t\t\t<\/div>\n\t\t<\/section>\n\t\t\t\t<section class=\"elementor-section elementor-top-section elementor-element elementor-element-b33bdba elementor-section-boxed elementor-section-height-default elementor-section-height-default\" data-id=\"b33bdba\" data-element_type=\"section\">\n\t\t\t\t\t\t<div class=\"elementor-container elementor-column-gap-default\">\n\t\t\t\t\t<div class=\"elementor-column elementor-col-100 elementor-top-column elementor-element elementor-element-59c6cc9\" data-id=\"59c6cc9\" data-element_type=\"column\">\n\t\t\t<div class=\"elementor-widget-wrap elementor-element-populated\">\n\t\t\t\t\t\t\t\t<section class=\"elementor-section elementor-inner-section elementor-element elementor-element-e0a673e elementor-section-boxed elementor-section-height-default elementor-section-height-default\" data-id=\"e0a673e\" data-element_type=\"section\">\n\t\t\t\t\t\t<div class=\"elementor-container elementor-column-gap-default\">\n\t\t\t\t\t<div class=\"elementor-column elementor-col-50 elementor-inner-column elementor-element elementor-element-92b5543\" data-id=\"92b5543\" data-element_type=\"column\">\n\t\t\t<div class=\"elementor-widget-wrap elementor-element-populated\">\n\t\t\t\t\t\t\t\t<div class=\"elementor-element elementor-element-38e0df3 elementor-widget elementor-widget-text-editor\" data-id=\"38e0df3\" data-element_type=\"widget\" data-widget_type=\"text-editor.default\">\n\t\t\t\t<div class=\"elementor-widget-container\">\n\t\t\t<style>\/*! elementor - v3.5.3 - 28-12-2021 *\/\n.elementor-widget-text-editor.elementor-drop-cap-view-stacked .elementor-drop-cap{background-color:#818a91;color:#fff}.elementor-widget-text-editor.elementor-drop-cap-view-framed .elementor-drop-cap{color:#818a91;border:3px solid;background-color:transparent}.elementor-widget-text-editor:not(.elementor-drop-cap-view-default) .elementor-drop-cap{margin-top:8px}.elementor-widget-text-editor:not(.elementor-drop-cap-view-default) .elementor-drop-cap-letter{width:1em;height:1em}.elementor-widget-text-editor .elementor-drop-cap{float:left;text-align:center;line-height:1;font-size:50px}.elementor-widget-text-editor .elementor-drop-cap-letter{display:inline-block}<\/style>\t\t\t\tAls Tirsan Kardan ist es unser Ziel, bei all unseren Aktivit\u00e4ten Energie effizient zu nutzen, um nat\u00fcrliche Ressourcen zu sch\u00fctzen und die Auswirkungen des Klimawandels zu reduzieren.\nIn dieser Richtung ist unsere Organisation;\n\n\u2022 Um die gesetzlichen Bestimmungen und Vorschriften bez\u00fcglich Energieverbrauch und -effizienz einzuhalten,\n\n\u2022 Sensibilisierung der Mitarbeiter f\u00fcr Energieeinsparung und -effizienz,\n\n\u2022 Ziele und Zielvorgaben in Bezug auf Energieeinsparung und -effizienz festzulegen, diese Ziele und Zielvorgaben zu \u00fcberpr\u00fcfen, wirksame Arbeit durch Bereitstellung der Ressourcen und Informationen zu leisten, die zum Erreichen der festgelegten Ziele und Vorgaben erforderlich sind,\n\n\u2022 Kontinuierliche Verbesserung der Energieeffizienzleistung und des Energieeffizienzsystems unter Ber\u00fccksichtigung von Risiken und Chancen, um nachhaltige Energieziele zu erreichen,\n\n\u2022 Mit einem Energiemanagementsystem, das auf kontinuierlicher Weiterentwicklung basiert; Unser Ziel ist es, energieeffiziente Produkte und Dienstleistungen bereitzustellen und Designaktivit\u00e4ten zu unterst\u00fctzen, die die Energieeffizienz verbessern, indem wir in unserer Produktion und anderen Prozessen Spitzentechnologien und -anwendungen bevorzugen.\t\t\t\t\t\t<\/div>\n\t\t\t\t<\/div>\n\t\t\t\t\t<\/div>\n\t\t<\/div>\n\t\t\t\t<div class=\"elementor-column elementor-col-50 elementor-inner-column elementor-element elementor-element-ec4cd13\" data-id=\"ec4cd13\" data-element_type=\"column\">\n\t\t\t<div class=\"elementor-widget-wrap elementor-element-populated\">\n\t\t\t\t\t\t\t\t<div class=\"elementor-element elementor-element-f4bb1b0 elementor-widget elementor-widget-image\" data-id=\"f4bb1b0\" data-element_type=\"widget\" data-widget_type=\"image.default\">\n\t\t\t\t<div class=\"elementor-widget-container\">\n\t\t\t<style>\/*! elementor - v3.5.3 - 28-12-2021 *\/\n.elementor-widget-image{text-align:center}.elementor-widget-image a{display:inline-block}.elementor-widget-image a img[src$=\".svg\"]{width:48px}.elementor-widget-image img{vertical-align:middle;display:inline-block}<\/style>\t\t\t\t\t\t\t\t\t\t\t\t<img decoding=\"async\" width=\"474\" height=\"486\" data-src=\"https:\/\/tirsankardan.com\/wp-content\/uploads\/2023\/02\/enerji-politikas\u2500\u2592_SALT-02.png\" class=\"attachment-large size-large lazyload\" alt=\"\" data-srcset=\"https:\/\/tirsankardan.com\/wp-content\/uploads\/2023\/02\/enerji-politikas\u2500\u2592_SALT-02.png 474w, https:\/\/tirsankardan.com\/wp-content\/uploads\/2023\/02\/enerji-politikas\u2500\u2592_SALT-02-293x300.png 293w, https:\/\/tirsankardan.com\/wp-content\/uploads\/2023\/02\/enerji-politikas\u2500\u2592_SALT-02-285x292.png 285w, https:\/\/tirsankardan.com\/wp-content\/uploads\/2023\/02\/enerji-politikas\u2500\u2592_SALT-02-146x150.png 146w\" data-sizes=\"(max-width: 474px) 100vw, 474px\" src=\"data:image\/svg+xml;base64,PHN2ZyB3aWR0aD0iMSIgaGVpZ2h0PSIxIiB4bWxucz0iaHR0cDovL3d3dy53My5vcmcvMjAwMC9zdmciPjwvc3ZnPg==\" style=\"--smush-placeholder-width: 474px; --smush-placeholder-aspect-ratio: 474\/486;\" \/>\t\t\t\t\t\t\t\t\t\t\t\t\t\t\t<\/div>\n\t\t\t\t<\/div>\n\t\t\t\t\t<\/div>\n\t\t<\/div>\n\t\t\t\t\t\t\t<\/div>\n\t\t<\/section>\n\t\t\t\t\t<\/div>\n\t\t<\/div>\n\t\t\t\t\t\t\t<\/div>\n\t\t<\/section>\n\t\t\t\t\t\t<\/div>\n\t\t\t\t\t<\/div>\n\t\t","protected":false},"excerpt":{"rendered":"<p>Als Tirsan Kardan ist es unser Ziel, bei all unseren Aktivit\u00e4ten Energie effizient zu nutzen, um nat\u00fcrliche Ressourcen&#8230;<\/p>\n","protected":false},"author":9,"featured_media":0,"parent":0,"menu_order":0,"comment_status":"closed","ping_status":"closed","template":"elementor_header_footer","meta":{"_acf_changed":false,"footnotes":""},"class_list":["post-10942","page","type-page","status-publish","hentry"],"acf":[],"yoast_head":"<!-- This site is optimized with the Yoast SEO plugin v27.4 - https:\/\/yoast.com\/product\/yoast-seo-wordpress\/ -->\n<title>Energiepolitik - Tirsan Kardan<\/title>\n<meta name=\"robots\" content=\"index, follow, max-snippet:-1, max-image-preview:large, max-video-preview:-1\" \/>\n<link rel=\"canonical\" href=\"https:\/\/tirsankardan.com\/de\/energiepolitik\/\" \/>\n<meta property=\"og:locale\" content=\"de_DE\" \/>\n<meta property=\"og:type\" content=\"article\" \/>\n<meta property=\"og:title\" content=\"Energiepolitik - Tirsan Kardan\" \/>\n<meta property=\"og:description\" content=\"Als Tirsan Kardan ist es unser Ziel, bei all unseren Aktivit\u00e4ten Energie effizient zu nutzen, um nat\u00fcrliche Ressourcen...\" \/>\n<meta property=\"og:url\" content=\"https:\/\/tirsankardan.com\/de\/energiepolitik\/\" \/>\n<meta property=\"og:site_name\" content=\"Tirsan Kardan\" \/>\n<meta property=\"article:modified_time\" content=\"2024-03-11T10:27:52+00:00\" \/>\n<meta name=\"twitter:card\" content=\"summary_large_image\" \/>\n<meta name=\"twitter:label1\" content=\"Gesch\u00e4tzte Lesezeit\" \/>\n\t<meta name=\"twitter:data1\" content=\"1\u00a0Minute\" \/>\n<script type=\"application\/ld+json\" class=\"yoast-schema-graph\">{\"@context\":\"https:\\\/\\\/schema.org\",\"@graph\":[{\"@type\":\"WebPage\",\"@id\":\"https:\\\/\\\/tirsankardan.com\\\/de\\\/energiepolitik\\\/\",\"url\":\"https:\\\/\\\/tirsankardan.com\\\/de\\\/energiepolitik\\\/\",\"name\":\"Energiepolitik - Tirsan Kardan\",\"isPartOf\":{\"@id\":\"https:\\\/\\\/tirsankardan.com\\\/de\\\/#website\"},\"datePublished\":\"2023-11-01T16:33:49+00:00\",\"dateModified\":\"2024-03-11T10:27:52+00:00\",\"breadcrumb\":{\"@id\":\"https:\\\/\\\/tirsankardan.com\\\/de\\\/energiepolitik\\\/#breadcrumb\"},\"inLanguage\":\"de\",\"potentialAction\":[{\"@type\":\"ReadAction\",\"target\":[\"https:\\\/\\\/tirsankardan.com\\\/de\\\/energiepolitik\\\/\"]}]},{\"@type\":\"BreadcrumbList\",\"@id\":\"https:\\\/\\\/tirsankardan.com\\\/de\\\/energiepolitik\\\/#breadcrumb\",\"itemListElement\":[{\"@type\":\"ListItem\",\"position\":1,\"name\":\"Anasayfa\",\"item\":\"https:\\\/\\\/tirsankardan.com\\\/de\\\/\"},{\"@type\":\"ListItem\",\"position\":2,\"name\":\"Energiepolitik\"}]},{\"@type\":\"WebSite\",\"@id\":\"https:\\\/\\\/tirsankardan.com\\\/de\\\/#website\",\"url\":\"https:\\\/\\\/tirsankardan.com\\\/de\\\/\",\"name\":\"Tirsan Kardan\",\"description\":\"\",\"publisher\":{\"@id\":\"https:\\\/\\\/tirsankardan.com\\\/de\\\/#organization\"},\"potentialAction\":[{\"@type\":\"SearchAction\",\"target\":{\"@type\":\"EntryPoint\",\"urlTemplate\":\"https:\\\/\\\/tirsankardan.com\\\/de\\\/?s={search_term_string}\"},\"query-input\":{\"@type\":\"PropertyValueSpecification\",\"valueRequired\":true,\"valueName\":\"search_term_string\"}}],\"inLanguage\":\"de\"},{\"@type\":\"Organization\",\"@id\":\"https:\\\/\\\/tirsankardan.com\\\/de\\\/#organization\",\"name\":\"Tirsan Kardan A\u015e\",\"url\":\"https:\\\/\\\/tirsankardan.com\\\/de\\\/\",\"logo\":{\"@type\":\"ImageObject\",\"inLanguage\":\"de\",\"@id\":\"https:\\\/\\\/tirsankardan.com\\\/de\\\/#\\\/schema\\\/logo\\\/image\\\/\",\"url\":\"https:\\\/\\\/tirsankardan.com\\\/wp-content\\\/uploads\\\/2018\\\/07\\\/logo.png\",\"contentUrl\":\"https:\\\/\\\/tirsankardan.com\\\/wp-content\\\/uploads\\\/2018\\\/07\\\/logo.png\",\"width\":314,\"height\":69,\"caption\":\"Tirsan Kardan A\u015e\"},\"image\":{\"@id\":\"https:\\\/\\\/tirsankardan.com\\\/de\\\/#\\\/schema\\\/logo\\\/image\\\/\"}}]}<\/script>\n<!-- \/ Yoast SEO plugin. -->","yoast_head_json":{"title":"Energiepolitik - Tirsan Kardan","robots":{"index":"index","follow":"follow","max-snippet":"max-snippet:-1","max-image-preview":"max-image-preview:large","max-video-preview":"max-video-preview:-1"},"canonical":"https:\/\/tirsankardan.com\/de\/energiepolitik\/","og_locale":"de_DE","og_type":"article","og_title":"Energiepolitik - Tirsan Kardan","og_description":"Als Tirsan Kardan ist es unser Ziel, bei all unseren Aktivit\u00e4ten Energie effizient zu nutzen, um nat\u00fcrliche Ressourcen...","og_url":"https:\/\/tirsankardan.com\/de\/energiepolitik\/","og_site_name":"Tirsan Kardan","article_modified_time":"2024-03-11T10:27:52+00:00","twitter_card":"summary_large_image","twitter_misc":{"Gesch\u00e4tzte Lesezeit":"1\u00a0Minute"},"schema":{"@context":"https:\/\/schema.org","@graph":[{"@type":"WebPage","@id":"https:\/\/tirsankardan.com\/de\/energiepolitik\/","url":"https:\/\/tirsankardan.com\/de\/energiepolitik\/","name":"Energiepolitik - Tirsan Kardan","isPartOf":{"@id":"https:\/\/tirsankardan.com\/de\/#website"},"datePublished":"2023-11-01T16:33:49+00:00","dateModified":"2024-03-11T10:27:52+00:00","breadcrumb":{"@id":"https:\/\/tirsankardan.com\/de\/energiepolitik\/#breadcrumb"},"inLanguage":"de","potentialAction":[{"@type":"ReadAction","target":["https:\/\/tirsankardan.com\/de\/energiepolitik\/"]}]},{"@type":"BreadcrumbList","@id":"https:\/\/tirsankardan.com\/de\/energiepolitik\/#breadcrumb","itemListElement":[{"@type":"ListItem","position":1,"name":"Anasayfa","item":"https:\/\/tirsankardan.com\/de\/"},{"@type":"ListItem","position":2,"name":"Energiepolitik"}]},{"@type":"WebSite","@id":"https:\/\/tirsankardan.com\/de\/#website","url":"https:\/\/tirsankardan.com\/de\/","name":"Tirsan Kardan","description":"","publisher":{"@id":"https:\/\/tirsankardan.com\/de\/#organization"},"potentialAction":[{"@type":"SearchAction","target":{"@type":"EntryPoint","urlTemplate":"https:\/\/tirsankardan.com\/de\/?s={search_term_string}"},"query-input":{"@type":"PropertyValueSpecification","valueRequired":true,"valueName":"search_term_string"}}],"inLanguage":"de"},{"@type":"Organization","@id":"https:\/\/tirsankardan.com\/de\/#organization","name":"Tirsan Kardan A\u015e","url":"https:\/\/tirsankardan.com\/de\/","logo":{"@type":"ImageObject","inLanguage":"de","@id":"https:\/\/tirsankardan.com\/de\/#\/schema\/logo\/image\/","url":"https:\/\/tirsankardan.com\/wp-content\/uploads\/2018\/07\/logo.png","contentUrl":"https:\/\/tirsankardan.com\/wp-content\/uploads\/2018\/07\/logo.png","width":314,"height":69,"caption":"Tirsan Kardan A\u015e"},"image":{"@id":"https:\/\/tirsankardan.com\/de\/#\/schema\/logo\/image\/"}}]}},"_links":{"self":[{"href":"https:\/\/tirsankardan.com\/de\/wp-json\/wp\/v2\/pages\/10942","targetHints":{"allow":["GET"]}}],"collection":[{"href":"https:\/\/tirsankardan.com\/de\/wp-json\/wp\/v2\/pages"}],"about":[{"href":"https:\/\/tirsankardan.com\/de\/wp-json\/wp\/v2\/types\/page"}],"author":[{"embeddable":true,"href":"https:\/\/tirsankardan.com\/de\/wp-json\/wp\/v2\/users\/9"}],"replies":[{"embeddable":true,"href":"https:\/\/tirsankardan.com\/de\/wp-json\/wp\/v2\/comments?post=10942"}],"version-history":[{"count":3,"href":"https:\/\/tirsankardan.com\/de\/wp-json\/wp\/v2\/pages\/10942\/revisions"}],"predecessor-version":[{"id":11490,"href":"https:\/\/tirsankardan.com\/de\/wp-json\/wp\/v2\/pages\/10942\/revisions\/11490"}],"wp:attachment":[{"href":"https:\/\/tirsankardan.com\/de\/wp-json\/wp\/v2\/media?parent=10942"}],"curies":[{"name":"wp","href":"https:\/\/api.w.org\/{rel}","templated":true}]}}